{"id":92,"date":"2022-10-13T09:36:21","date_gmt":"2022-10-13T09:36:21","guid":{"rendered":"http:\/\/jaegerhaus-singen.com\/?page_id=92"},"modified":"2025-07-22T12:02:02","modified_gmt":"2025-07-22T12:02:02","slug":"preise","status":"publish","type":"page","link":"https:\/\/jaegerhaus-singen.de\/en\/preise\/","title":{"rendered":"Prices"},"content":{"rendered":"<div data-elementor-type=\"wp-page\" data-elementor-id=\"92\" class=\"elementor elementor-92\">\n\t\t\t\t\t\t<section class=\"elementor-section elementor-top-section elementor-element elementor-element-65f4284 elementor-section-boxed elementor-section-height-default elementor-section-height-default\" data-id=\"65f4284\" data-element_type=\"section\" data-e-type=\"section\">\n\t\t\t\t\t\t<div class=\"elementor-container elementor-column-gap-default\">\n\t\t\t\t\t<div class=\"elementor-column elementor-col-100 elementor-top-column elementor-element elementor-element-2f7482a\" data-id=\"2f7482a\" data-element_type=\"column\" data-e-type=\"column\">\n\t\t\t<div class=\"elementor-widget-wrap elementor-element-populated\">\n\t\t\t\t\t\t<div class=\"elementor-element elementor-element-34cc3c1 elementor-widget elementor-widget-spacer\" data-id=\"34cc3c1\" data-element_type=\"widget\" data-e-type=\"widget\" data-widget_type=\"spacer.default\">\n\t\t\t\t<div class=\"elementor-widget-container\">\n\t\t\t\t\t\t\t<div class=\"elementor-spacer\">\n\t\t\t<div class=\"elementor-spacer-inner\"><\/div>\n\t\t<\/div>\n\t\t\t\t\t\t<\/div>\n\t\t\t\t<\/div>\n\t\t\t\t<div class=\"elementor-element elementor-element-af696e2 elementor-widget elementor-widget-heading\" data-id=\"af696e2\" data-element_type=\"widget\" data-e-type=\"widget\" data-widget_type=\"heading.default\">\n\t\t\t\t<div class=\"elementor-widget-container\">\n\t\t\t\t\t<h2 class=\"elementor-heading-title elementor-size-xl\">Prices<\/h2>\t\t\t\t<\/div>\n\t\t\t\t<\/div>\n\t\t\t\t<div class=\"elementor-element elementor-element-6e06620 elementor-widget-divider--view-line elementor-widget elementor-widget-divider\" data-id=\"6e06620\" data-element_type=\"widget\" data-e-type=\"widget\" data-widget_type=\"divider.default\">\n\t\t\t\t<div class=\"elementor-widget-container\">\n\t\t\t\t\t\t\t<div class=\"elementor-divider\">\n\t\t\t<span class=\"elementor-divider-separator\">\n\t\t\t\t\t\t<\/span>\n\t\t<\/div>\n\t\t\t\t\t\t<\/div>\n\t\t\t\t<\/div>\n\t\t\t\t<div class=\"elementor-element elementor-element-4bb8525 elementor-widget elementor-widget-heading\" data-id=\"4bb8525\" data-element_type=\"widget\" data-e-type=\"widget\" data-widget_type=\"heading.default\">\n\t\t\t\t<div class=\"elementor-widget-container\">\n\t\t\t\t\t<h2 class=\"elementor-heading-title elementor-size-large\">Hotel J\u00e4gerhaus in Singen Hohentwiel<\/h2>\t\t\t\t<\/div>\n\t\t\t\t<\/div>\n\t\t\t\t<div class=\"elementor-element elementor-element-e1772bc elementor-widget elementor-widget-text-editor\" data-id=\"e1772bc\" data-element_type=\"widget\" data-e-type=\"widget\" data-widget_type=\"text-editor.default\">\n\t\t\t\t<div class=\"elementor-widget-container\">\n\t\t\t\t\t\t\t\t\t<p class=\"bodytext\">Willkommen im Hotel J\u00e4gerhaus &#8211; Ihr Zuhause auf Zeit in Singen am Hohentwiel.<\/p><p class=\"bodytext\">Genie\u00dfen Sie entspannte Tage in einer angenehmen Atmosph\u00e4re und lassen Sie sich von unserem freundlichen Team verw\u00f6hnen.<\/p><p>Unsere liebevoll eingerichteten Zimmer bieten alles, was Sie f\u00fcr einen erholsamen Aufenthalt ben\u00f6tigen.<\/p><p class=\"bodytext\">Beginnen Sie Ihren Tag mit einem reichhaltigen Fr\u00fchst\u00fccksbuffet mit frischen regionalen Produkten.<\/p><p>Freuen Sie sich auf kostenfreies WLAN im gesamten Hotel.<\/p><p class=\"bodytext\">Wir verf\u00fcgen \u00fcber insgesamt 37 Hotelzimmer. Davon 23 Doppelzimmer, 3 Dreitbettzimmer und 11 Einzelzimmer.<\/p>\t\t\t\t\t\t\t\t<\/div>\n\t\t\t\t<\/div>\n\t\t\t\t<div class=\"elementor-element elementor-element-a2ce5d0 elementor-widget elementor-widget-heading\" data-id=\"a2ce5d0\" data-element_type=\"widget\" data-e-type=\"widget\" data-widget_type=\"heading.default\">\n\t\t\t\t<div class=\"elementor-widget-container\">\n\t\t\t\t\t<h2 class=\"elementor-heading-title elementor-size-large\">Preise &amp; Buchung:<\/h2>\t\t\t\t<\/div>\n\t\t\t\t<\/div>\n\t\t\t\t<div class=\"elementor-element elementor-element-bc8aa6a elementor-widget elementor-widget-text-editor\" data-id=\"bc8aa6a\" data-element_type=\"widget\" data-e-type=\"widget\" data-widget_type=\"text-editor.default\">\n\t\t\t\t<div class=\"elementor-widget-container\">\n\t\t\t\t\t\t\t\t\t<p>Unsere Preise gestalten sich je nach Saison und Verf\u00fcgberkeit. Gerne senden wir Ihnen ein individuelles Angebot.<br \/>Kontaktieren Sie uns einfach:<br \/>&#8211; Buchungsanfrage direkt auf unserer Webseite<br \/>&#8211; per Email: info@jaegerhaus-singen.de<br \/>&#8211; Oder nutzen Sie unser Buchungsmodul direkt auf unserer Webseite f\u00fcr eine Schnelle und unkomplizierte Reservierung<\/p><p>Wir freuen uns darauf, Ihnen ein passendes Angebot zu unterbreiten!<\/p>\t\t\t\t\t\t\t\t<\/div>\n\t\t\t\t<\/div>\n\t\t\t\t<div class=\"elementor-element elementor-element-40f3ebd elementor-widget elementor-widget-heading\" data-id=\"40f3ebd\" data-element_type=\"widget\" data-e-type=\"widget\" data-widget_type=\"heading.default\">\n\t\t\t\t<div class=\"elementor-widget-container\">\n\t\t\t\t\t<h2 class=\"elementor-heading-title elementor-size-large\">Kinder &amp; Jugendliche<\/h2>\t\t\t\t<\/div>\n\t\t\t\t<\/div>\n\t\t\t\t<div class=\"elementor-element elementor-element-f383bba elementor-widget elementor-widget-text-editor\" data-id=\"f383bba\" data-element_type=\"widget\" data-e-type=\"widget\" data-widget_type=\"text-editor.default\">\n\t\t\t\t<div class=\"elementor-widget-container\">\n\t\t\t\t\t\t\t\t\t<p>Ideal f\u00fcr Familien &#8211; unsere Baby &#8211; und Zustellbetten sorgen f\u00fcr einen stressfreien Aufenthalt. <\/p>\t\t\t\t\t\t\t\t<\/div>\n\t\t\t\t<\/div>\n\t\t\t\t<div class=\"elementor-element elementor-element-30049c7 elementor-widget elementor-widget-heading\" data-id=\"30049c7\" data-element_type=\"widget\" data-e-type=\"widget\" data-widget_type=\"heading.default\">\n\t\t\t\t<div class=\"elementor-widget-container\">\n\t\t\t\t\t<h2 class=\"elementor-heading-title elementor-size-large\">Furnishing<\/h2>\t\t\t\t<\/div>\n\t\t\t\t<\/div>\n\t\t\t\t<div class=\"elementor-element elementor-element-1a89b8d elementor-widget elementor-widget-text-editor\" data-id=\"1a89b8d\" data-element_type=\"widget\" data-e-type=\"widget\" data-widget_type=\"text-editor.default\">\n\t\t\t\t<div class=\"elementor-widget-container\">\n\t\t\t\t\t\t\t\t\t<p class=\"bodytext\">All rooms are fitted with a shower or bathtub and WC, telephone, TV, free internet access (WLAN) and is easily accessible by elevator.<\/p><p class=\"bodytext\">Some of our rooms also offer minibars.<\/p>\t\t\t\t\t\t\t\t<\/div>\n\t\t\t\t<\/div>\n\t\t\t\t<div class=\"elementor-element elementor-element-e1fd0e8 elementor-widget elementor-widget-heading\" data-id=\"e1fd0e8\" data-element_type=\"widget\" data-e-type=\"widget\" data-widget_type=\"heading.default\">\n\t\t\t\t<div class=\"elementor-widget-container\">\n\t\t\t\t\t<h2 class=\"elementor-heading-title elementor-size-large\">Pets<\/h2>\t\t\t\t<\/div>\n\t\t\t\t<\/div>\n\t\t\t\t<div class=\"elementor-element elementor-element-5c2d7bc elementor-widget elementor-widget-text-editor\" data-id=\"5c2d7bc\" data-element_type=\"widget\" data-e-type=\"widget\" data-widget_type=\"text-editor.default\">\n\t\t\t\t<div class=\"elementor-widget-container\">\n\t\t\t\t\t\t\t\t\t<p>Hunde sind bei uns herzlich willkommen, jedoch nur in ausgew\u00e4hlten Zimmern, <br \/>daher bitten wir um vorherige Anfrage.<\/p>\t\t\t\t\t\t\t\t<\/div>\n\t\t\t\t<\/div>\n\t\t\t\t<div class=\"elementor-element elementor-element-1ac2e8b elementor-widget elementor-widget-spacer\" data-id=\"1ac2e8b\" data-element_type=\"widget\" data-e-type=\"widget\" data-widget_type=\"spacer.default\">\n\t\t\t\t<div class=\"elementor-widget-container\">\n\t\t\t\t\t\t\t<div class=\"elementor-spacer\">\n\t\t\t<div class=\"elementor-spacer-inner\"><\/div>\n\t\t<\/div>\n\t\t\t\t\t\t<\/div>\n\t\t\t\t<\/div>\n\t\t\t\t\t<\/div>\n\t\t<\/div>\n\t\t\t\t\t<\/div>\n\t\t<\/section>\n\t\t\t\t<\/div>","protected":false},"excerpt":{"rendered":"<p>Preise Hotel J\u00e4gerhaus in Singen Hohentwiel Willkommen im Hotel J\u00e4gerhaus &#8211; Ihr Zuhause auf Zeit in Singen am Hohentwiel. Genie\u00dfen Sie entspannte Tage in einer angenehmen Atmosph\u00e4re und lassen Sie sich von unserem freundlichen Team verw\u00f6hnen. Unsere liebevoll eingerichteten Zimmer bieten alles, was Sie f\u00fcr einen erholsamen Aufenthalt ben\u00f6tigen. Beginnen Sie Ihren Tag mit einem [&hellip;]<\/p>\n","protected":false},"author":1,"featured_media":0,"parent":0,"menu_order":0,"comment_status":"closed","ping_status":"closed","template":"elementor_header_footer","meta":{"footnotes":""},"class_list":["post-92","page","type-page","status-publish","hentry","post-preview"],"yoast_head":"<!-- This site is optimized with the Yoast SEO plugin v27.3 - https:\/\/yoast.com\/product\/yoast-seo-wordpress\/ -->\n<title>Preise - Hotel J\u00e4gerhaus<\/title>\n<meta name=\"robots\" content=\"index, follow, max-snippet:-1, max-image-preview:large, max-video-preview:-1\" \/>\n<link rel=\"canonical\" href=\"https:\/\/jaegerhaus-singen.de\/en\/preise\/\" \/>\n<meta property=\"og:locale\" content=\"en_US\" \/>\n<meta property=\"og:type\" content=\"article\" \/>\n<meta property=\"og:title\" content=\"Preise - Hotel J\u00e4gerhaus\" \/>\n<meta property=\"og:description\" content=\"Preise Hotel J\u00e4gerhaus in Singen Hohentwiel Willkommen im Hotel J\u00e4gerhaus &#8211; Ihr Zuhause auf Zeit in Singen am Hohentwiel. Genie\u00dfen Sie entspannte Tage in einer angenehmen Atmosph\u00e4re und lassen Sie sich von unserem freundlichen Team verw\u00f6hnen. Unsere liebevoll eingerichteten Zimmer bieten alles, was Sie f\u00fcr einen erholsamen Aufenthalt ben\u00f6tigen. Beginnen Sie Ihren Tag mit einem [&hellip;]\" \/>\n<meta property=\"og:url\" content=\"https:\/\/jaegerhaus-singen.de\/en\/preise\/\" \/>\n<meta property=\"og:site_name\" content=\"Hotel J\u00e4gerhaus\" \/>\n<meta property=\"article:modified_time\" content=\"2025-07-22T12:02:02+00:00\" \/>\n<meta name=\"twitter:card\" content=\"summary_large_image\" \/>\n<meta name=\"twitter:label1\" content=\"Est. reading time\" \/>\n\t<meta name=\"twitter:data1\" content=\"2 minutes\" \/>\n<script type=\"application\/ld+json\" class=\"yoast-schema-graph\">{\"@context\":\"https:\\\/\\\/schema.org\",\"@graph\":[{\"@type\":\"WebPage\",\"@id\":\"https:\\\/\\\/jaegerhaus-singen.de\\\/preise\\\/\",\"url\":\"https:\\\/\\\/jaegerhaus-singen.de\\\/preise\\\/\",\"name\":\"Preise - Hotel J\u00e4gerhaus\",\"isPartOf\":{\"@id\":\"https:\\\/\\\/jaegerhaus-singen.de\\\/#website\"},\"datePublished\":\"2022-10-13T09:36:21+00:00\",\"dateModified\":\"2025-07-22T12:02:02+00:00\",\"breadcrumb\":{\"@id\":\"https:\\\/\\\/jaegerhaus-singen.de\\\/preise\\\/#breadcrumb\"},\"inLanguage\":\"en-US\",\"potentialAction\":[{\"@type\":\"ReadAction\",\"target\":[\"https:\\\/\\\/jaegerhaus-singen.de\\\/preise\\\/\"]}]},{\"@type\":\"BreadcrumbList\",\"@id\":\"https:\\\/\\\/jaegerhaus-singen.de\\\/preise\\\/#breadcrumb\",\"itemListElement\":[{\"@type\":\"ListItem\",\"position\":1,\"name\":\"Startseite\",\"item\":\"https:\\\/\\\/jaegerhaus-singen.de\\\/\"},{\"@type\":\"ListItem\",\"position\":2,\"name\":\"Preise\"}]},{\"@type\":\"WebSite\",\"@id\":\"https:\\\/\\\/jaegerhaus-singen.de\\\/#website\",\"url\":\"https:\\\/\\\/jaegerhaus-singen.de\\\/\",\"name\":\"Hotel J\u00e4gerhaus\",\"description\":\"\",\"publisher\":{\"@id\":\"https:\\\/\\\/jaegerhaus-singen.de\\\/#organization\"},\"potentialAction\":[{\"@type\":\"SearchAction\",\"target\":{\"@type\":\"EntryPoint\",\"urlTemplate\":\"https:\\\/\\\/jaegerhaus-singen.de\\\/?s={search_term_string}\"},\"query-input\":{\"@type\":\"PropertyValueSpecification\",\"valueRequired\":true,\"valueName\":\"search_term_string\"}}],\"inLanguage\":\"en-US\"},{\"@type\":\"Organization\",\"@id\":\"https:\\\/\\\/jaegerhaus-singen.de\\\/#organization\",\"name\":\"Hotel J\u00e4gerhaus\",\"url\":\"https:\\\/\\\/jaegerhaus-singen.de\\\/\",\"logo\":{\"@type\":\"ImageObject\",\"inLanguage\":\"en-US\",\"@id\":\"https:\\\/\\\/jaegerhaus-singen.de\\\/#\\\/schema\\\/logo\\\/image\\\/\",\"url\":\"https:\\\/\\\/jaegerhaus-singen.de\\\/wp-content\\\/uploads\\\/2022\\\/10\\\/2018_Logo-Jaegerhaus.jpg\",\"contentUrl\":\"https:\\\/\\\/jaegerhaus-singen.de\\\/wp-content\\\/uploads\\\/2022\\\/10\\\/2018_Logo-Jaegerhaus.jpg\",\"width\":226,\"height\":263,\"caption\":\"Hotel J\u00e4gerhaus\"},\"image\":{\"@id\":\"https:\\\/\\\/jaegerhaus-singen.de\\\/#\\\/schema\\\/logo\\\/image\\\/\"}}]}<\/script>\n<!-- \/ Yoast SEO plugin. -->","yoast_head_json":{"title":"Preise - Hotel J\u00e4gerhaus","robots":{"index":"index","follow":"follow","max-snippet":"max-snippet:-1","max-image-preview":"max-image-preview:large","max-video-preview":"max-video-preview:-1"},"canonical":"https:\/\/jaegerhaus-singen.de\/en\/preise\/","og_locale":"en_US","og_type":"article","og_title":"Preise - Hotel J\u00e4gerhaus","og_description":"Preise Hotel J\u00e4gerhaus in Singen Hohentwiel Willkommen im Hotel J\u00e4gerhaus &#8211; Ihr Zuhause auf Zeit in Singen am Hohentwiel. Genie\u00dfen Sie entspannte Tage in einer angenehmen Atmosph\u00e4re und lassen Sie sich von unserem freundlichen Team verw\u00f6hnen. Unsere liebevoll eingerichteten Zimmer bieten alles, was Sie f\u00fcr einen erholsamen Aufenthalt ben\u00f6tigen. Beginnen Sie Ihren Tag mit einem [&hellip;]","og_url":"https:\/\/jaegerhaus-singen.de\/en\/preise\/","og_site_name":"Hotel J\u00e4gerhaus","article_modified_time":"2025-07-22T12:02:02+00:00","twitter_card":"summary_large_image","twitter_misc":{"Est. reading time":"2 minutes"},"schema":{"@context":"https:\/\/schema.org","@graph":[{"@type":"WebPage","@id":"https:\/\/jaegerhaus-singen.de\/preise\/","url":"https:\/\/jaegerhaus-singen.de\/preise\/","name":"Preise - Hotel J\u00e4gerhaus","isPartOf":{"@id":"https:\/\/jaegerhaus-singen.de\/#website"},"datePublished":"2022-10-13T09:36:21+00:00","dateModified":"2025-07-22T12:02:02+00:00","breadcrumb":{"@id":"https:\/\/jaegerhaus-singen.de\/preise\/#breadcrumb"},"inLanguage":"en-US","potentialAction":[{"@type":"ReadAction","target":["https:\/\/jaegerhaus-singen.de\/preise\/"]}]},{"@type":"BreadcrumbList","@id":"https:\/\/jaegerhaus-singen.de\/preise\/#breadcrumb","itemListElement":[{"@type":"ListItem","position":1,"name":"Startseite","item":"https:\/\/jaegerhaus-singen.de\/"},{"@type":"ListItem","position":2,"name":"Preise"}]},{"@type":"WebSite","@id":"https:\/\/jaegerhaus-singen.de\/#website","url":"https:\/\/jaegerhaus-singen.de\/","name":"Hotel J\u00e4gerhaus","description":"","publisher":{"@id":"https:\/\/jaegerhaus-singen.de\/#organization"},"potentialAction":[{"@type":"SearchAction","target":{"@type":"EntryPoint","urlTemplate":"https:\/\/jaegerhaus-singen.de\/?s={search_term_string}"},"query-input":{"@type":"PropertyValueSpecification","valueRequired":true,"valueName":"search_term_string"}}],"inLanguage":"en-US"},{"@type":"Organization","@id":"https:\/\/jaegerhaus-singen.de\/#organization","name":"Hotel J\u00e4gerhaus","url":"https:\/\/jaegerhaus-singen.de\/","logo":{"@type":"ImageObject","inLanguage":"en-US","@id":"https:\/\/jaegerhaus-singen.de\/#\/schema\/logo\/image\/","url":"https:\/\/jaegerhaus-singen.de\/wp-content\/uploads\/2022\/10\/2018_Logo-Jaegerhaus.jpg","contentUrl":"https:\/\/jaegerhaus-singen.de\/wp-content\/uploads\/2022\/10\/2018_Logo-Jaegerhaus.jpg","width":226,"height":263,"caption":"Hotel J\u00e4gerhaus"},"image":{"@id":"https:\/\/jaegerhaus-singen.de\/#\/schema\/logo\/image\/"}}]}},"_links":{"self":[{"href":"https:\/\/jaegerhaus-singen.de\/en\/wp-json\/wp\/v2\/pages\/92","targetHints":{"allow":["GET"]}}],"collection":[{"href":"https:\/\/jaegerhaus-singen.de\/en\/wp-json\/wp\/v2\/pages"}],"about":[{"href":"https:\/\/jaegerhaus-singen.de\/en\/wp-json\/wp\/v2\/types\/page"}],"author":[{"embeddable":true,"href":"https:\/\/jaegerhaus-singen.de\/en\/wp-json\/wp\/v2\/users\/1"}],"replies":[{"embeddable":true,"href":"https:\/\/jaegerhaus-singen.de\/en\/wp-json\/wp\/v2\/comments?post=92"}],"version-history":[{"count":76,"href":"https:\/\/jaegerhaus-singen.de\/en\/wp-json\/wp\/v2\/pages\/92\/revisions"}],"predecessor-version":[{"id":994,"href":"https:\/\/jaegerhaus-singen.de\/en\/wp-json\/wp\/v2\/pages\/92\/revisions\/994"}],"wp:attachment":[{"href":"https:\/\/jaegerhaus-singen.de\/en\/wp-json\/wp\/v2\/media?parent=92"}],"curies":[{"name":"wp","href":"https:\/\/api.w.org\/{rel}","templated":true}]}}