{"id":554,"date":"2022-10-24T13:57:46","date_gmt":"2022-10-24T13:57:46","guid":{"rendered":"http:\/\/jaegerhaus-singen.com\/?page_id=554"},"modified":"2026-01-13T14:51:37","modified_gmt":"2026-01-13T14:51:37","slug":"impressum","status":"publish","type":"page","link":"https:\/\/jaegerhaus-singen.de\/en\/impressum\/","title":{"rendered":"Impressum"},"content":{"rendered":"<div data-elementor-type=\"wp-page\" data-elementor-id=\"554\" class=\"elementor elementor-554\">\n\t\t\t\t\t\t<section class=\"elementor-section elementor-top-section elementor-element elementor-element-b325e78 elementor-section-boxed elementor-section-height-default elementor-section-height-default\" data-id=\"b325e78\" data-element_type=\"section\" data-e-type=\"section\">\n\t\t\t\t\t\t<div class=\"elementor-container elementor-column-gap-default\">\n\t\t\t\t\t<div class=\"elementor-column elementor-col-100 elementor-top-column elementor-element elementor-element-898bc7d\" data-id=\"898bc7d\" data-element_type=\"column\" data-e-type=\"column\">\n\t\t\t<div class=\"elementor-widget-wrap elementor-element-populated\">\n\t\t\t\t\t\t<div class=\"elementor-element elementor-element-396c96f elementor-widget elementor-widget-spacer\" data-id=\"396c96f\" data-element_type=\"widget\" data-e-type=\"widget\" data-widget_type=\"spacer.default\">\n\t\t\t\t<div class=\"elementor-widget-container\">\n\t\t\t\t\t\t\t<div class=\"elementor-spacer\">\n\t\t\t<div class=\"elementor-spacer-inner\"><\/div>\n\t\t<\/div>\n\t\t\t\t\t\t<\/div>\n\t\t\t\t<\/div>\n\t\t\t\t<div class=\"elementor-element elementor-element-a2dce8f elementor-widget elementor-widget-heading\" data-id=\"a2dce8f\" data-element_type=\"widget\" data-e-type=\"widget\" data-widget_type=\"heading.default\">\n\t\t\t\t<div class=\"elementor-widget-container\">\n\t\t\t\t\t<h2 class=\"elementor-heading-title elementor-size-xl\">Impressum<\/h2>\t\t\t\t<\/div>\n\t\t\t\t<\/div>\n\t\t\t\t<div class=\"elementor-element elementor-element-d8ec99f elementor-widget elementor-widget-heading\" data-id=\"d8ec99f\" data-element_type=\"widget\" data-e-type=\"widget\" data-widget_type=\"heading.default\">\n\t\t\t\t<div class=\"elementor-widget-container\">\n\t\t\t\t\t<h2 class=\"elementor-heading-title elementor-size-large\">J\u00e4gerhaus Hotel Restaurant<\/h2>\t\t\t\t<\/div>\n\t\t\t\t<\/div>\n\t\t\t\t<div class=\"elementor-element elementor-element-13be357 elementor-widget-divider--view-line elementor-widget elementor-widget-divider\" data-id=\"13be357\" data-element_type=\"widget\" data-e-type=\"widget\" data-widget_type=\"divider.default\">\n\t\t\t\t<div class=\"elementor-widget-container\">\n\t\t\t\t\t\t\t<div class=\"elementor-divider\">\n\t\t\t<span class=\"elementor-divider-separator\">\n\t\t\t\t\t\t<\/span>\n\t\t<\/div>\n\t\t\t\t\t\t<\/div>\n\t\t\t\t<\/div>\n\t\t\t\t<div class=\"elementor-element elementor-element-8eaa7b1 elementor-widget elementor-widget-text-editor\" data-id=\"8eaa7b1\" data-element_type=\"widget\" data-e-type=\"widget\" data-widget_type=\"text-editor.default\">\n\t\t\t\t<div class=\"elementor-widget-container\">\n\t\t\t\t\t\t\t\t\t<p><strong>according to specifications \u00a7 5 TMG<\/strong><\/p><p>Kumar Karanveer<br \/>Place of business: Singen<br \/>Gesch\u00e4ftsf\u00fchrer: Kumar Karanveer<\/p><p>Ekkehardstra\u00dfe 84-86<br \/>78224 Singen am Hohentwiel (Germany)<\/p><p>phone. +49 7731 14390<br \/>Fax +49 7731 143966<br \/><a href=\"mailto:info@jaegerhaus-singen.de\">info@jaegerhaus-singen.de<\/a><\/p><p><a href=\"http:\/\/jaegerhaus-singen.de\/en\/\">www.jaegerhaus-singen.de<\/a><\/p><p>Sparkasse Hegau-Bodensee<br \/>IBAN: DE12 6925 0035 1055 8149 31<br \/>BIC: SOLADES1SNG<br \/><br \/>Ust.-IdNr. DE328826893<\/p><p><strong>Webdesign:<\/strong><\/p><p>MBTECHNET Hard &amp; Software e.K.<br \/><a href=\"http:\/\/www.mbtechnet.de\">www.mbtechnet.de<\/a><\/p><p><strong>Responsible according to \u00a7 55 RStV<\/strong>:<\/p><p>Kumar Karanveer<br \/>Ekkehardstra\u00dfe 84-86<br \/>78224 Singen am Hohentwiel (Germany)<\/p><p><strong>Online-dispute resolution<\/strong><br \/>The European Commission provides an online dispute resolution platform at ec.europa.eu\/consumers\/odr\/ that consumers can use to resolve a dispute and where further information on the subject of dispute resolution can be found.<\/p><p><strong>Extrajudicial dispute resolution<\/strong><br \/>We are neither obliged nor willing to participate in a dispute settlement procedure before a consumer arbitration board in the event of a dispute with a consumer.<\/p><p><strong>Inhaltlich Verantwortlicher gem\u00e4\u00df \u00a7 6 MDStV: Kumar Karanveer<\/strong><br \/>The rights of this website and its contents belong to the copyright holder. The use of trademarks or trade names constitutes acknowledgment of the rights of their respective owners. Any commercial use of the information on this website is prohibited and requires the author\u2019s prior consent.<\/p><p>The information on this website has been prepared with great care. Nevertheless, we do not assume any responsibility for the correctness, completeness or timeliness of the presented information. All offers are non-binding. We are not liable for any offers made on this web page and don\u2019t take responsibility for links to other websites and the content of the illustrated pages on there.<\/p><h3>Disclaimer<\/h3><p><strong>Liability of content<\/strong><br \/>As a service provider we are responsible according \u00a7 7 1 TMG for our own contents on these pages under the general laws. According to \u00a7\u00a7 8 to 10 TMG we are not obligated to monitor transmitted or stored information, or to investigate circumstances that indicate illegal activity. Obligations to remove or block the use of information under the general laws remain unaffected. However, a relevant liability is only possible once a specific infringement is discovered. Upon notification of such violations, we will remove the content immediately.<\/p><p><strong>Liability for links<br \/><\/strong>Our site contains links to external websites, over which we have no control. Therefore we cannot accept any responsibility for their content. The provider or operator is always responsible for the content of linked pages. The linked sites were checked at the time of linking for possible legal violations. No illegal contents were linked at that point in time. A permanent control of the linked pages is unreasonable without concrete evidence of a violation. Upon notification of violations, we will immediately remove such links.<\/p><p><strong>Copyright<br \/><\/strong>The content and works on these pages created by the site operators are subject to German copyright law. Copying, editing, distribution and any kind of exploitation outside the limits of copyright require the written consent of the author or creator. Downloads and copies are only permitted for private, non-commercial use. As long as the content is not created by the operator, the copyright of third parties applies. In particular contents of third parties are marked as such. Should you still be aware of copyright infringement, we ask you to inform us. Upon notification of violations, we will remove the content immediately.<\/p><p>Sources: eRecht24<\/p>\t\t\t\t\t\t\t\t<\/div>\n\t\t\t\t<\/div>\n\t\t\t\t\t<\/div>\n\t\t<\/div>\n\t\t\t\t\t<\/div>\n\t\t<\/section>\n\t\t\t\t<\/div>","protected":false},"excerpt":{"rendered":"<p>Impressum J\u00e4gerhaus Hotel Restaurant Angaben gem\u00e4\u00df \u00a7 5 TMG Kumar KaranveerSitz: SingenGesch\u00e4ftsf\u00fchrer: Kumar Karanveer Ekkehardstra\u00dfe 84-8678224 Singen am Hohentwiel Tel . +49 (0) 7731 14390Fax +49 (0) 7731 143966info@jaegerhaus-singen.de www.jaegerhaus-singen.de Sparkasse Hegau-BodenseeIBAN: DE12 6925 0035 1055 8149 31BIC: SOLADES1SNG Ust.-IdNr. DE328826893 Webdesign: MBTECHNET Hard &amp; Software e.K.www.mbtechnet.de Inhaltlich verantwortlich gem\u00e4\u00df \u00a7 55 RStV: Kumar KaranveerEkkehardstra\u00dfe [&hellip;]<\/p>\n","protected":false},"author":1,"featured_media":0,"parent":0,"menu_order":0,"comment_status":"closed","ping_status":"closed","template":"","meta":{"footnotes":""},"class_list":["post-554","page","type-page","status-publish","hentry","post-preview"],"yoast_head":"<!-- This site is optimized with the Yoast SEO plugin v27.4 - https:\/\/yoast.com\/product\/yoast-seo-wordpress\/ -->\n<title>Impressum - Hotel J\u00e4gerhaus<\/title>\n<meta name=\"robots\" content=\"index, follow, max-snippet:-1, max-image-preview:large, max-video-preview:-1\" \/>\n<link rel=\"canonical\" href=\"https:\/\/jaegerhaus-singen.de\/en\/impressum\/\" \/>\n<meta property=\"og:locale\" content=\"en_US\" \/>\n<meta property=\"og:type\" content=\"article\" \/>\n<meta property=\"og:title\" content=\"Impressum - Hotel J\u00e4gerhaus\" \/>\n<meta property=\"og:description\" content=\"Impressum J\u00e4gerhaus Hotel Restaurant Angaben gem\u00e4\u00df \u00a7 5 TMG Kumar KaranveerSitz: SingenGesch\u00e4ftsf\u00fchrer: Kumar Karanveer Ekkehardstra\u00dfe 84-8678224 Singen am Hohentwiel Tel . +49 (0) 7731 14390Fax +49 (0) 7731 143966info@jaegerhaus-singen.de www.jaegerhaus-singen.de Sparkasse Hegau-BodenseeIBAN: DE12 6925 0035 1055 8149 31BIC: SOLADES1SNG Ust.-IdNr. DE328826893 Webdesign: MBTECHNET Hard &amp; Software e.K.www.mbtechnet.de Inhaltlich verantwortlich gem\u00e4\u00df \u00a7 55 RStV: Kumar KaranveerEkkehardstra\u00dfe [&hellip;]\" \/>\n<meta property=\"og:url\" content=\"https:\/\/jaegerhaus-singen.de\/en\/impressum\/\" \/>\n<meta property=\"og:site_name\" content=\"Hotel J\u00e4gerhaus\" \/>\n<meta property=\"article:modified_time\" content=\"2026-01-13T14:51:37+00:00\" \/>\n<meta name=\"twitter:card\" content=\"summary_large_image\" \/>\n<meta name=\"twitter:label1\" content=\"Est. reading time\" \/>\n\t<meta name=\"twitter:data1\" content=\"3 minutes\" \/>\n<script type=\"application\/ld+json\" class=\"yoast-schema-graph\">{\"@context\":\"https:\\\/\\\/schema.org\",\"@graph\":[{\"@type\":\"WebPage\",\"@id\":\"https:\\\/\\\/jaegerhaus-singen.de\\\/impressum\\\/\",\"url\":\"https:\\\/\\\/jaegerhaus-singen.de\\\/impressum\\\/\",\"name\":\"Impressum - Hotel J\u00e4gerhaus\",\"isPartOf\":{\"@id\":\"https:\\\/\\\/jaegerhaus-singen.de\\\/#website\"},\"datePublished\":\"2022-10-24T13:57:46+00:00\",\"dateModified\":\"2026-01-13T14:51:37+00:00\",\"breadcrumb\":{\"@id\":\"https:\\\/\\\/jaegerhaus-singen.de\\\/impressum\\\/#breadcrumb\"},\"inLanguage\":\"en-US\",\"potentialAction\":[{\"@type\":\"ReadAction\",\"target\":[\"https:\\\/\\\/jaegerhaus-singen.de\\\/impressum\\\/\"]}]},{\"@type\":\"BreadcrumbList\",\"@id\":\"https:\\\/\\\/jaegerhaus-singen.de\\\/impressum\\\/#breadcrumb\",\"itemListElement\":[{\"@type\":\"ListItem\",\"position\":1,\"name\":\"Startseite\",\"item\":\"https:\\\/\\\/jaegerhaus-singen.de\\\/\"},{\"@type\":\"ListItem\",\"position\":2,\"name\":\"Impressum\"}]},{\"@type\":\"WebSite\",\"@id\":\"https:\\\/\\\/jaegerhaus-singen.de\\\/#website\",\"url\":\"https:\\\/\\\/jaegerhaus-singen.de\\\/\",\"name\":\"Hotel J\u00e4gerhaus\",\"description\":\"\",\"publisher\":{\"@id\":\"https:\\\/\\\/jaegerhaus-singen.de\\\/#organization\"},\"potentialAction\":[{\"@type\":\"SearchAction\",\"target\":{\"@type\":\"EntryPoint\",\"urlTemplate\":\"https:\\\/\\\/jaegerhaus-singen.de\\\/?s={search_term_string}\"},\"query-input\":{\"@type\":\"PropertyValueSpecification\",\"valueRequired\":true,\"valueName\":\"search_term_string\"}}],\"inLanguage\":\"en-US\"},{\"@type\":\"Organization\",\"@id\":\"https:\\\/\\\/jaegerhaus-singen.de\\\/#organization\",\"name\":\"Hotel J\u00e4gerhaus\",\"url\":\"https:\\\/\\\/jaegerhaus-singen.de\\\/\",\"logo\":{\"@type\":\"ImageObject\",\"inLanguage\":\"en-US\",\"@id\":\"https:\\\/\\\/jaegerhaus-singen.de\\\/#\\\/schema\\\/logo\\\/image\\\/\",\"url\":\"https:\\\/\\\/jaegerhaus-singen.de\\\/wp-content\\\/uploads\\\/2022\\\/10\\\/2018_Logo-Jaegerhaus.jpg\",\"contentUrl\":\"https:\\\/\\\/jaegerhaus-singen.de\\\/wp-content\\\/uploads\\\/2022\\\/10\\\/2018_Logo-Jaegerhaus.jpg\",\"width\":226,\"height\":263,\"caption\":\"Hotel J\u00e4gerhaus\"},\"image\":{\"@id\":\"https:\\\/\\\/jaegerhaus-singen.de\\\/#\\\/schema\\\/logo\\\/image\\\/\"}}]}<\/script>\n<!-- \/ Yoast SEO plugin. -->","yoast_head_json":{"title":"Impressum - Hotel J\u00e4gerhaus","robots":{"index":"index","follow":"follow","max-snippet":"max-snippet:-1","max-image-preview":"max-image-preview:large","max-video-preview":"max-video-preview:-1"},"canonical":"https:\/\/jaegerhaus-singen.de\/en\/impressum\/","og_locale":"en_US","og_type":"article","og_title":"Impressum - Hotel J\u00e4gerhaus","og_description":"Impressum J\u00e4gerhaus Hotel Restaurant Angaben gem\u00e4\u00df \u00a7 5 TMG Kumar KaranveerSitz: SingenGesch\u00e4ftsf\u00fchrer: Kumar Karanveer Ekkehardstra\u00dfe 84-8678224 Singen am Hohentwiel Tel . +49 (0) 7731 14390Fax +49 (0) 7731 143966info@jaegerhaus-singen.de www.jaegerhaus-singen.de Sparkasse Hegau-BodenseeIBAN: DE12 6925 0035 1055 8149 31BIC: SOLADES1SNG Ust.-IdNr. DE328826893 Webdesign: MBTECHNET Hard &amp; Software e.K.www.mbtechnet.de Inhaltlich verantwortlich gem\u00e4\u00df \u00a7 55 RStV: Kumar KaranveerEkkehardstra\u00dfe [&hellip;]","og_url":"https:\/\/jaegerhaus-singen.de\/en\/impressum\/","og_site_name":"Hotel J\u00e4gerhaus","article_modified_time":"2026-01-13T14:51:37+00:00","twitter_card":"summary_large_image","twitter_misc":{"Est. reading time":"3 minutes"},"schema":{"@context":"https:\/\/schema.org","@graph":[{"@type":"WebPage","@id":"https:\/\/jaegerhaus-singen.de\/impressum\/","url":"https:\/\/jaegerhaus-singen.de\/impressum\/","name":"Impressum - Hotel J\u00e4gerhaus","isPartOf":{"@id":"https:\/\/jaegerhaus-singen.de\/#website"},"datePublished":"2022-10-24T13:57:46+00:00","dateModified":"2026-01-13T14:51:37+00:00","breadcrumb":{"@id":"https:\/\/jaegerhaus-singen.de\/impressum\/#breadcrumb"},"inLanguage":"en-US","potentialAction":[{"@type":"ReadAction","target":["https:\/\/jaegerhaus-singen.de\/impressum\/"]}]},{"@type":"BreadcrumbList","@id":"https:\/\/jaegerhaus-singen.de\/impressum\/#breadcrumb","itemListElement":[{"@type":"ListItem","position":1,"name":"Startseite","item":"https:\/\/jaegerhaus-singen.de\/"},{"@type":"ListItem","position":2,"name":"Impressum"}]},{"@type":"WebSite","@id":"https:\/\/jaegerhaus-singen.de\/#website","url":"https:\/\/jaegerhaus-singen.de\/","name":"Hotel J\u00e4gerhaus","description":"","publisher":{"@id":"https:\/\/jaegerhaus-singen.de\/#organization"},"potentialAction":[{"@type":"SearchAction","target":{"@type":"EntryPoint","urlTemplate":"https:\/\/jaegerhaus-singen.de\/?s={search_term_string}"},"query-input":{"@type":"PropertyValueSpecification","valueRequired":true,"valueName":"search_term_string"}}],"inLanguage":"en-US"},{"@type":"Organization","@id":"https:\/\/jaegerhaus-singen.de\/#organization","name":"Hotel J\u00e4gerhaus","url":"https:\/\/jaegerhaus-singen.de\/","logo":{"@type":"ImageObject","inLanguage":"en-US","@id":"https:\/\/jaegerhaus-singen.de\/#\/schema\/logo\/image\/","url":"https:\/\/jaegerhaus-singen.de\/wp-content\/uploads\/2022\/10\/2018_Logo-Jaegerhaus.jpg","contentUrl":"https:\/\/jaegerhaus-singen.de\/wp-content\/uploads\/2022\/10\/2018_Logo-Jaegerhaus.jpg","width":226,"height":263,"caption":"Hotel J\u00e4gerhaus"},"image":{"@id":"https:\/\/jaegerhaus-singen.de\/#\/schema\/logo\/image\/"}}]}},"_links":{"self":[{"href":"https:\/\/jaegerhaus-singen.de\/en\/wp-json\/wp\/v2\/pages\/554","targetHints":{"allow":["GET"]}}],"collection":[{"href":"https:\/\/jaegerhaus-singen.de\/en\/wp-json\/wp\/v2\/pages"}],"about":[{"href":"https:\/\/jaegerhaus-singen.de\/en\/wp-json\/wp\/v2\/types\/page"}],"author":[{"embeddable":true,"href":"https:\/\/jaegerhaus-singen.de\/en\/wp-json\/wp\/v2\/users\/1"}],"replies":[{"embeddable":true,"href":"https:\/\/jaegerhaus-singen.de\/en\/wp-json\/wp\/v2\/comments?post=554"}],"version-history":[{"count":54,"href":"https:\/\/jaegerhaus-singen.de\/en\/wp-json\/wp\/v2\/pages\/554\/revisions"}],"predecessor-version":[{"id":1019,"href":"https:\/\/jaegerhaus-singen.de\/en\/wp-json\/wp\/v2\/pages\/554\/revisions\/1019"}],"wp:attachment":[{"href":"https:\/\/jaegerhaus-singen.de\/en\/wp-json\/wp\/v2\/media?parent=554"}],"curies":[{"name":"wp","href":"https:\/\/api.w.org\/{rel}","templated":true}]}}