{"id":441,"date":"2022-10-18T09:52:59","date_gmt":"2022-10-18T09:52:59","guid":{"rendered":"http:\/\/jaegerhaus-singen.com\/?page_id=441"},"modified":"2025-07-22T11:58:10","modified_gmt":"2025-07-22T11:58:10","slug":"buchungsanfrage","status":"publish","type":"page","link":"https:\/\/jaegerhaus-singen.de\/en\/buchungsanfrage\/","title":{"rendered":"Hotel booking enquiry"},"content":{"rendered":"<div data-elementor-type=\"wp-page\" data-elementor-id=\"441\" class=\"elementor elementor-441\">\n\t\t\t\t\t\t<section class=\"elementor-section elementor-top-section elementor-element elementor-element-ebb7e28 elementor-section-boxed elementor-section-height-default elementor-section-height-default\" data-id=\"ebb7e28\" data-element_type=\"section\" data-e-type=\"section\">\n\t\t\t\t\t\t<div class=\"elementor-container elementor-column-gap-default\">\n\t\t\t\t\t<div class=\"elementor-column elementor-col-100 elementor-top-column elementor-element elementor-element-fed248e\" data-id=\"fed248e\" data-element_type=\"column\" data-e-type=\"column\">\n\t\t\t<div class=\"elementor-widget-wrap elementor-element-populated\">\n\t\t\t\t\t\t<div class=\"elementor-element elementor-element-40aa2ea elementor-widget elementor-widget-spacer\" data-id=\"40aa2ea\" data-element_type=\"widget\" data-e-type=\"widget\" data-widget_type=\"spacer.default\">\n\t\t\t\t<div class=\"elementor-widget-container\">\n\t\t\t\t\t\t\t<div class=\"elementor-spacer\">\n\t\t\t<div class=\"elementor-spacer-inner\"><\/div>\n\t\t<\/div>\n\t\t\t\t\t\t<\/div>\n\t\t\t\t<\/div>\n\t\t\t\t<div class=\"elementor-element elementor-element-fcc44fa elementor-widget elementor-widget-heading\" data-id=\"fcc44fa\" data-element_type=\"widget\" data-e-type=\"widget\" data-widget_type=\"heading.default\">\n\t\t\t\t<div class=\"elementor-widget-container\">\n\t\t\t\t\t<h2 class=\"elementor-heading-title elementor-size-xl\">Hotel booking enquiry<\/h2>\t\t\t\t<\/div>\n\t\t\t\t<\/div>\n\t\t\t\t<div class=\"elementor-element elementor-element-7b3f1cc elementor-widget elementor-widget-heading\" data-id=\"7b3f1cc\" data-element_type=\"widget\" data-e-type=\"widget\" data-widget_type=\"heading.default\">\n\t\t\t\t<div class=\"elementor-widget-container\">\n\t\t\t\t\t<h2 class=\"elementor-heading-title elementor-size-large\">Hotel J\u00e4gerhaus Singen<\/h2>\t\t\t\t<\/div>\n\t\t\t\t<\/div>\n\t\t\t\t<div class=\"elementor-element elementor-element-f8482af elementor-widget-divider--view-line elementor-widget elementor-widget-divider\" data-id=\"f8482af\" data-element_type=\"widget\" data-e-type=\"widget\" data-widget_type=\"divider.default\">\n\t\t\t\t<div class=\"elementor-widget-container\">\n\t\t\t\t\t\t\t<div class=\"elementor-divider\">\n\t\t\t<span class=\"elementor-divider-separator\">\n\t\t\t\t\t\t<\/span>\n\t\t<\/div>\n\t\t\t\t\t\t<\/div>\n\t\t\t\t<\/div>\n\t\t\t\t<div class=\"elementor-element elementor-element-b76872d elementor-widget elementor-widget-text-editor\" data-id=\"b76872d\" data-element_type=\"widget\" data-e-type=\"widget\" data-widget_type=\"text-editor.default\">\n\t\t\t\t<div class=\"elementor-widget-container\">\n\t\t\t\t\t\t\t\t\t<p>\n<div class=\"wpcf7 no-js\" id=\"wpcf7-f445-o1\" lang=\"de-DE\" dir=\"ltr\" data-wpcf7-id=\"445\">\n<div class=\"screen-reader-response\"><p role=\"status\" aria-live=\"polite\" aria-atomic=\"true\"><\/p> <ul><\/ul><\/div>\n<form action=\"\/en\/wp-json\/wp\/v2\/pages\/441#wpcf7-f445-o1\" method=\"post\" class=\"wpcf7-form init\" aria-label=\"Contact form\" novalidate=\"novalidate\" data-status=\"init\" data-trp-original-action=\"\/en\/wp-json\/wp\/v2\/pages\/441#wpcf7-f445-o1\">\n<fieldset class=\"hidden-fields-container\"><input type=\"hidden\" name=\"_wpcf7\" value=\"445\" \/><input type=\"hidden\" name=\"_wpcf7_version\" value=\"6.1.5\" \/><input type=\"hidden\" name=\"_wpcf7_locale\" value=\"de_DE\" \/><input type=\"hidden\" name=\"_wpcf7_unit_tag\" value=\"wpcf7-f445-o1\" \/><input type=\"hidden\" name=\"_wpcf7_container_post\" value=\"0\" \/><input type=\"hidden\" name=\"_wpcf7_posted_data_hash\" value=\"\" \/>\n<\/fieldset>\n<p><label> Type of enquiry:*<br \/>\n<span class=\"wpcf7-form-control-wrap\" data-name=\"art\"><select class=\"wpcf7-form-control wpcf7-select wpcf7-validates-as-required\" aria-required=\"true\" aria-invalid=\"false\" name=\"art\"><option value=\"\">&#8211; Bitte ausw\u00e4hlen &#8211;<\/option><option value=\"unverbindliche Anfrage (Non-binding enquiry)\">unverbindliche Anfrage (Non-binding enquiry)<\/option><option value=\"Buchungsanfrage (Booking request)\">Buchungsanfrage (Booking request)<\/option><\/select><\/span><br \/>\n<\/label><label> Salutation:*<br \/>\n<span class=\"wpcf7-form-control-wrap\" data-name=\"anrede\"><span class=\"wpcf7-form-control wpcf7-checkbox wpcf7-validates-as-required wpcf7-exclusive-checkbox\"><span class=\"wpcf7-list-item first\"><input type=\"checkbox\" name=\"anrede\" value=\"Herr\" \/><span class=\"wpcf7-list-item-label\">Mr.<\/span><\/span><span class=\"wpcf7-list-item last\"><input type=\"checkbox\" name=\"anrede\" value=\"Frau\" \/><span class=\"wpcf7-list-item-label\">Ms.\/Mrs.<\/span><\/span><\/span><\/span><br \/>\n<\/label><label> Given and family name:*<br \/>\n<span class=\"wpcf7-form-control-wrap\" data-name=\"name1\"><input size=\"40\" maxlength=\"400\" class=\"wpcf7-form-control wpcf7-text wpcf7-validates-as-required\" aria-required=\"true\" aria-invalid=\"false\" value=\"\" type=\"text\" name=\"name1\" \/><\/span><br \/>\n<\/label><label> Enterprise\/organisation:<br \/>\n<span class=\"wpcf7-form-control-wrap\" data-name=\"firma\"><input size=\"40\" maxlength=\"400\" class=\"wpcf7-form-control wpcf7-text\" aria-invalid=\"false\" value=\"\" type=\"text\" name=\"firma\" \/><\/span><br \/>\n<\/label><label> E-mail:*<br \/>\n<span class=\"wpcf7-form-control-wrap\" data-name=\"email1\"><input size=\"40\" maxlength=\"400\" class=\"wpcf7-form-control wpcf7-email wpcf7-validates-as-required wpcf7-text wpcf7-validates-as-email\" aria-required=\"true\" aria-invalid=\"false\" value=\"\" type=\"email\" name=\"email1\" \/><\/span><br \/>\n<\/label><label> Phone:*<br \/>\n<span class=\"wpcf7-form-control-wrap\" data-name=\"tel\"><input size=\"40\" maxlength=\"400\" class=\"wpcf7-form-control wpcf7-tel wpcf7-validates-as-required wpcf7-text wpcf7-validates-as-tel\" aria-required=\"true\" aria-invalid=\"false\" value=\"\" type=\"tel\" name=\"tel\" \/><\/span><br \/>\n<\/label><label> Street\/no.:<br \/>\n<span class=\"wpcf7-form-control-wrap\" data-name=\"strasse\"><input size=\"40\" maxlength=\"400\" class=\"wpcf7-form-control wpcf7-text\" aria-invalid=\"false\" value=\"\" type=\"text\" name=\"strasse\" \/><\/span><br \/>\n<\/label><label> Postal code\/City:<br \/>\n<span class=\"wpcf7-form-control-wrap\" data-name=\"plz\"><input size=\"40\" maxlength=\"400\" class=\"wpcf7-form-control wpcf7-text\" aria-invalid=\"false\" value=\"\" type=\"text\" name=\"plz\" \/><\/span><br \/>\n<\/label><label> Country:<br \/>\n<span class=\"wpcf7-form-control-wrap\" data-name=\"land\"><input size=\"40\" maxlength=\"400\" class=\"wpcf7-form-control wpcf7-text\" aria-invalid=\"false\" value=\"\" type=\"text\" name=\"land\" \/><\/span><br \/>\n<\/label><label> Arrival date:<br \/>\n<span class=\"wpcf7-form-control-wrap\" data-name=\"anreise\"><input class=\"wpcf7-form-control wpcf7-date wpcf7-validates-as-date\" aria-invalid=\"false\" value=\"\" type=\"date\" name=\"anreise\" \/><\/span><br \/>\n<\/label><label> Departure date:<br \/>\n<span class=\"wpcf7-form-control-wrap\" data-name=\"abreise\"><input class=\"wpcf7-form-control wpcf7-date wpcf7-validates-as-date\" aria-invalid=\"false\" value=\"\" type=\"date\" name=\"abreise\" \/><\/span><br \/>\n<\/label><label> Number of persons:*<br \/>\n<span class=\"wpcf7-form-control-wrap\" data-name=\"personen\"><input class=\"wpcf7-form-control wpcf7-number wpcf7-validates-as-required wpcf7-validates-as-number\" aria-required=\"true\" aria-invalid=\"false\" value=\"\" type=\"number\" name=\"personen\" \/><\/span><br \/>\n<\/label><label> Number of single rooms:<br \/>\n<span class=\"wpcf7-form-control-wrap\" data-name=\"zimmer1\"><input class=\"wpcf7-form-control wpcf7-number wpcf7-validates-as-number\" aria-invalid=\"false\" value=\"\" type=\"number\" name=\"zimmer1\" \/><\/span><br \/>\n<\/label><label> Number of double rooms:<br \/>\n<span class=\"wpcf7-form-control-wrap\" data-name=\"zimmer2\"><input class=\"wpcf7-form-control wpcf7-number wpcf7-validates-as-number\" aria-invalid=\"false\" value=\"\" type=\"number\" name=\"zimmer2\" \/><\/span><br \/>\n<\/label><label> Number of double rooms for single use:<br \/>\n<span class=\"wpcf7-form-control-wrap\" data-name=\"dz\"><input class=\"wpcf7-form-control wpcf7-number wpcf7-validates-as-number\" aria-invalid=\"false\" value=\"\" type=\"number\" name=\"dz\" \/><\/span><br \/>\n<\/label><label> Additional information:<br \/>\n<span class=\"wpcf7-form-control-wrap\" data-name=\"message\"><textarea cols=\"40\" rows=\"10\" maxlength=\"2000\" class=\"wpcf7-form-control wpcf7-textarea\" aria-invalid=\"false\" name=\"message\"><\/textarea><\/span><br \/>\nAlso in a booking request: The booking is only binding if the J\u00e4gerhaus has confirmed it in a separate e-mail or via phone call!<br \/>\n<\/label><label> Declaration of Agreement*<br \/>\n<span class=\"wpcf7-form-control-wrap\" data-name=\"Datenschutz\"><span class=\"wpcf7-form-control wpcf7-checkbox wpcf7-validates-as-required\"><span class=\"wpcf7-list-item first last\"><label><input type=\"checkbox\" name=\"Datenschutz[]\" value=\"Ja, ich habe die Datenschutzerkl\u00e4rung (https:\/\/jaegerhaus-singen.de\/datenschutzerklaerung) zur Kenntnis genommen und bin damit einverstanden, dass die von mir angegebenen Daten elektronisch erhoben und gespeichert werden. Meine Daten werden dabei nur streng zweckgebunden zur Bearbeitung und Beantwortung meiner Anfrage benutzt. Mit dem Absenden des Kontaktformulars erkl\u00e4re ich mich mit der Verarbeitung einverstanden.\" \/><span class=\"wpcf7-list-item-label\">Thanks, I have read the privacy policy (https:\/\/jaegerhaus-singen.de\/datenschutzerklaerung) and agree that the data I've provided can be collected and stored accordingly. However my data should be strictly used in order to process and respond to my request. I therefore confirm that my data can be used for its intended purpose.<\/span><\/label><\/span><\/span><\/span><br \/>\n<span id=\"wpcf7-69d771270265c-wrapper\" class=\"wpcf7-form-control-wrap email-wrap\" ><input type=\"hidden\" name=\"email-time-start\" value=\"1775726887\"><input type=\"hidden\" name=\"email-time-check\" value=\"4\"><label for=\"wpcf7-69d771270265c-field\" class=\"hp-message\">Bitte lasse dieses Feld leer.<\/label><input id=\"wpcf7-69d771270265c-field\"  class=\"wpcf7-form-control wpcf7-text\" type=\"text\" name=\"email\" value=\"\" size=\"40\" tabindex=\"-1\" autocomplete=\"off\" \/><\/span><br \/>\n<input class=\"wpcf7-form-control wpcf7-submit has-spinner\" type=\"submit\" value=\"Send\" \/><\/label>\n<\/p><div class=\"wpcf7-response-output\" aria-hidden=\"true\"><\/div>\n<input type=\"hidden\" name=\"trp-form-language\" value=\"en\"\/><\/form>\n<\/div>\n<\/p>\t\t\t\t\t\t\t\t<\/div>\n\t\t\t\t<\/div>\n\t\t\t\t<div class=\"elementor-element elementor-element-1c142f3 elementor-widget elementor-widget-text-editor\" data-id=\"1c142f3\" data-element_type=\"widget\" data-e-type=\"widget\" data-widget_type=\"text-editor.default\">\n\t\t\t\t<div class=\"elementor-widget-container\">\n\t\t\t\t\t\t\t\t\t<div class=\"csc-header csc-header-n3\"><h4>Notes:<\/h4><\/div><ul><li>All fields that are marked with an <b>asterisk * are mandatory<\/b> and must be completed<\/li><li>Your data will be kept confidential and not disclosed to third parties<\/li><\/ul>\t\t\t\t\t\t\t\t<\/div>\n\t\t\t\t<\/div>\n\t\t\t\t<div class=\"elementor-element elementor-element-a8b9596 elementor-widget elementor-widget-spacer\" data-id=\"a8b9596\" data-element_type=\"widget\" data-e-type=\"widget\" data-widget_type=\"spacer.default\">\n\t\t\t\t<div class=\"elementor-widget-container\">\n\t\t\t\t\t\t\t<div class=\"elementor-spacer\">\n\t\t\t<div class=\"elementor-spacer-inner\"><\/div>\n\t\t<\/div>\n\t\t\t\t\t\t<\/div>\n\t\t\t\t<\/div>\n\t\t\t\t\t<\/div>\n\t\t<\/div>\n\t\t\t\t\t<\/div>\n\t\t<\/section>\n\t\t\t\t<\/div>","protected":false},"excerpt":{"rendered":"<p>Buchungsanfrage Hotel J\u00e4gerhaus Singen Hinweise: Alle Felder, die mit einem Sternchen* ausgezeichnet sind, sind Pflichtfelder und m\u00fcssen ausgef\u00fcllt werden Ihre Daten werden nat\u00fcrlich vertraulich behandelt und nicht an Dritte weitergegeben<\/p>","protected":false},"author":1,"featured_media":0,"parent":0,"menu_order":0,"comment_status":"closed","ping_status":"closed","template":"","meta":{"footnotes":""},"class_list":["post-441","page","type-page","status-publish","hentry","post-preview"],"yoast_head":"<!-- This site is optimized with the Yoast SEO plugin v27.3 - https:\/\/yoast.com\/product\/yoast-seo-wordpress\/ -->\n<title>Buchungsanfrage - Hotel J\u00e4gerhaus<\/title>\n<meta name=\"robots\" content=\"index, follow, max-snippet:-1, max-image-preview:large, max-video-preview:-1\" \/>\n<link rel=\"canonical\" href=\"https:\/\/jaegerhaus-singen.de\/en\/buchungsanfrage\/\" \/>\n<meta property=\"og:locale\" content=\"en_US\" \/>\n<meta property=\"og:type\" content=\"article\" \/>\n<meta property=\"og:title\" content=\"Buchungsanfrage - Hotel J\u00e4gerhaus\" \/>\n<meta property=\"og:description\" content=\"Buchungsanfrage Hotel J\u00e4gerhaus Singen Hinweise: Alle Felder, die mit einem Sternchen* ausgezeichnet sind, sind Pflichtfelder und m\u00fcssen ausgef\u00fcllt werden Ihre Daten werden nat\u00fcrlich vertraulich behandelt und nicht an Dritte weitergegeben\" \/>\n<meta property=\"og:url\" content=\"https:\/\/jaegerhaus-singen.de\/en\/buchungsanfrage\/\" \/>\n<meta property=\"og:site_name\" content=\"Hotel J\u00e4gerhaus\" \/>\n<meta property=\"article:modified_time\" content=\"2025-07-22T11:58:10+00:00\" \/>\n<meta name=\"twitter:card\" content=\"summary_large_image\" \/>\n<meta name=\"twitter:label1\" content=\"Est. reading time\" \/>\n\t<meta name=\"twitter:data1\" content=\"1 minute\" \/>\n<script type=\"application\/ld+json\" class=\"yoast-schema-graph\">{\"@context\":\"https:\\\/\\\/schema.org\",\"@graph\":[{\"@type\":\"WebPage\",\"@id\":\"https:\\\/\\\/jaegerhaus-singen.de\\\/buchungsanfrage\\\/\",\"url\":\"https:\\\/\\\/jaegerhaus-singen.de\\\/buchungsanfrage\\\/\",\"name\":\"Buchungsanfrage - Hotel J\u00e4gerhaus\",\"isPartOf\":{\"@id\":\"https:\\\/\\\/jaegerhaus-singen.de\\\/#website\"},\"datePublished\":\"2022-10-18T09:52:59+00:00\",\"dateModified\":\"2025-07-22T11:58:10+00:00\",\"breadcrumb\":{\"@id\":\"https:\\\/\\\/jaegerhaus-singen.de\\\/buchungsanfrage\\\/#breadcrumb\"},\"inLanguage\":\"en-US\",\"potentialAction\":[{\"@type\":\"ReadAction\",\"target\":[\"https:\\\/\\\/jaegerhaus-singen.de\\\/buchungsanfrage\\\/\"]}]},{\"@type\":\"BreadcrumbList\",\"@id\":\"https:\\\/\\\/jaegerhaus-singen.de\\\/buchungsanfrage\\\/#breadcrumb\",\"itemListElement\":[{\"@type\":\"ListItem\",\"position\":1,\"name\":\"Startseite\",\"item\":\"https:\\\/\\\/jaegerhaus-singen.de\\\/\"},{\"@type\":\"ListItem\",\"position\":2,\"name\":\"Buchungsanfrage\"}]},{\"@type\":\"WebSite\",\"@id\":\"https:\\\/\\\/jaegerhaus-singen.de\\\/#website\",\"url\":\"https:\\\/\\\/jaegerhaus-singen.de\\\/\",\"name\":\"Hotel J\u00e4gerhaus\",\"description\":\"\",\"publisher\":{\"@id\":\"https:\\\/\\\/jaegerhaus-singen.de\\\/#organization\"},\"potentialAction\":[{\"@type\":\"SearchAction\",\"target\":{\"@type\":\"EntryPoint\",\"urlTemplate\":\"https:\\\/\\\/jaegerhaus-singen.de\\\/?s={search_term_string}\"},\"query-input\":{\"@type\":\"PropertyValueSpecification\",\"valueRequired\":true,\"valueName\":\"search_term_string\"}}],\"inLanguage\":\"en-US\"},{\"@type\":\"Organization\",\"@id\":\"https:\\\/\\\/jaegerhaus-singen.de\\\/#organization\",\"name\":\"Hotel J\u00e4gerhaus\",\"url\":\"https:\\\/\\\/jaegerhaus-singen.de\\\/\",\"logo\":{\"@type\":\"ImageObject\",\"inLanguage\":\"en-US\",\"@id\":\"https:\\\/\\\/jaegerhaus-singen.de\\\/#\\\/schema\\\/logo\\\/image\\\/\",\"url\":\"https:\\\/\\\/jaegerhaus-singen.de\\\/wp-content\\\/uploads\\\/2022\\\/10\\\/2018_Logo-Jaegerhaus.jpg\",\"contentUrl\":\"https:\\\/\\\/jaegerhaus-singen.de\\\/wp-content\\\/uploads\\\/2022\\\/10\\\/2018_Logo-Jaegerhaus.jpg\",\"width\":226,\"height\":263,\"caption\":\"Hotel J\u00e4gerhaus\"},\"image\":{\"@id\":\"https:\\\/\\\/jaegerhaus-singen.de\\\/#\\\/schema\\\/logo\\\/image\\\/\"}}]}<\/script>\n<!-- \/ Yoast SEO plugin. -->","yoast_head_json":{"title":"Buchungsanfrage - Hotel J\u00e4gerhaus","robots":{"index":"index","follow":"follow","max-snippet":"max-snippet:-1","max-image-preview":"max-image-preview:large","max-video-preview":"max-video-preview:-1"},"canonical":"https:\/\/jaegerhaus-singen.de\/en\/buchungsanfrage\/","og_locale":"en_US","og_type":"article","og_title":"Buchungsanfrage - Hotel J\u00e4gerhaus","og_description":"Buchungsanfrage Hotel J\u00e4gerhaus Singen Hinweise: Alle Felder, die mit einem Sternchen* ausgezeichnet sind, sind Pflichtfelder und m\u00fcssen ausgef\u00fcllt werden Ihre Daten werden nat\u00fcrlich vertraulich behandelt und nicht an Dritte weitergegeben","og_url":"https:\/\/jaegerhaus-singen.de\/en\/buchungsanfrage\/","og_site_name":"Hotel J\u00e4gerhaus","article_modified_time":"2025-07-22T11:58:10+00:00","twitter_card":"summary_large_image","twitter_misc":{"Est. reading time":"1 minute"},"schema":{"@context":"https:\/\/schema.org","@graph":[{"@type":"WebPage","@id":"https:\/\/jaegerhaus-singen.de\/buchungsanfrage\/","url":"https:\/\/jaegerhaus-singen.de\/buchungsanfrage\/","name":"Buchungsanfrage - Hotel J\u00e4gerhaus","isPartOf":{"@id":"https:\/\/jaegerhaus-singen.de\/#website"},"datePublished":"2022-10-18T09:52:59+00:00","dateModified":"2025-07-22T11:58:10+00:00","breadcrumb":{"@id":"https:\/\/jaegerhaus-singen.de\/buchungsanfrage\/#breadcrumb"},"inLanguage":"en-US","potentialAction":[{"@type":"ReadAction","target":["https:\/\/jaegerhaus-singen.de\/buchungsanfrage\/"]}]},{"@type":"BreadcrumbList","@id":"https:\/\/jaegerhaus-singen.de\/buchungsanfrage\/#breadcrumb","itemListElement":[{"@type":"ListItem","position":1,"name":"Startseite","item":"https:\/\/jaegerhaus-singen.de\/"},{"@type":"ListItem","position":2,"name":"Buchungsanfrage"}]},{"@type":"WebSite","@id":"https:\/\/jaegerhaus-singen.de\/#website","url":"https:\/\/jaegerhaus-singen.de\/","name":"Hotel J\u00e4gerhaus","description":"","publisher":{"@id":"https:\/\/jaegerhaus-singen.de\/#organization"},"potentialAction":[{"@type":"SearchAction","target":{"@type":"EntryPoint","urlTemplate":"https:\/\/jaegerhaus-singen.de\/?s={search_term_string}"},"query-input":{"@type":"PropertyValueSpecification","valueRequired":true,"valueName":"search_term_string"}}],"inLanguage":"en-US"},{"@type":"Organization","@id":"https:\/\/jaegerhaus-singen.de\/#organization","name":"Hotel J\u00e4gerhaus","url":"https:\/\/jaegerhaus-singen.de\/","logo":{"@type":"ImageObject","inLanguage":"en-US","@id":"https:\/\/jaegerhaus-singen.de\/#\/schema\/logo\/image\/","url":"https:\/\/jaegerhaus-singen.de\/wp-content\/uploads\/2022\/10\/2018_Logo-Jaegerhaus.jpg","contentUrl":"https:\/\/jaegerhaus-singen.de\/wp-content\/uploads\/2022\/10\/2018_Logo-Jaegerhaus.jpg","width":226,"height":263,"caption":"Hotel J\u00e4gerhaus"},"image":{"@id":"https:\/\/jaegerhaus-singen.de\/#\/schema\/logo\/image\/"}}]}},"_links":{"self":[{"href":"https:\/\/jaegerhaus-singen.de\/en\/wp-json\/wp\/v2\/pages\/441","targetHints":{"allow":["GET"]}}],"collection":[{"href":"https:\/\/jaegerhaus-singen.de\/en\/wp-json\/wp\/v2\/pages"}],"about":[{"href":"https:\/\/jaegerhaus-singen.de\/en\/wp-json\/wp\/v2\/types\/page"}],"author":[{"embeddable":true,"href":"https:\/\/jaegerhaus-singen.de\/en\/wp-json\/wp\/v2\/users\/1"}],"replies":[{"embeddable":true,"href":"https:\/\/jaegerhaus-singen.de\/en\/wp-json\/wp\/v2\/comments?post=441"}],"version-history":[{"count":31,"href":"https:\/\/jaegerhaus-singen.de\/en\/wp-json\/wp\/v2\/pages\/441\/revisions"}],"predecessor-version":[{"id":930,"href":"https:\/\/jaegerhaus-singen.de\/en\/wp-json\/wp\/v2\/pages\/441\/revisions\/930"}],"wp:attachment":[{"href":"https:\/\/jaegerhaus-singen.de\/en\/wp-json\/wp\/v2\/media?parent=441"}],"curies":[{"name":"wp","href":"https:\/\/api.w.org\/{rel}","templated":true}]}}