{"id":25,"date":"2022-10-13T08:46:46","date_gmt":"2022-10-13T08:46:46","guid":{"rendered":"http:\/\/jaegerhaus-singen.com\/?page_id=25"},"modified":"2025-07-22T12:03:00","modified_gmt":"2025-07-22T12:03:00","slug":"willkommen","status":"publish","type":"page","link":"https:\/\/jaegerhaus-singen.de\/en\/","title":{"rendered":"Welcome"},"content":{"rendered":"<div data-elementor-type=\"wp-page\" data-elementor-id=\"25\" class=\"elementor elementor-25\">\n\t\t\t\t\t\t<section class=\"elementor-section elementor-top-section elementor-element elementor-element-225d39a elementor-section-boxed elementor-section-height-default elementor-section-height-default\" data-id=\"225d39a\" data-element_type=\"section\" data-e-type=\"section\">\n\t\t\t\t\t\t<div class=\"elementor-container elementor-column-gap-default\">\n\t\t\t\t\t<div class=\"elementor-column elementor-col-100 elementor-top-column elementor-element elementor-element-9b34ad0\" data-id=\"9b34ad0\" data-element_type=\"column\" data-e-type=\"column\">\n\t\t\t<div class=\"elementor-widget-wrap elementor-element-populated\">\n\t\t\t\t\t\t<div class=\"elementor-element elementor-element-1b930ce elementor-widget elementor-widget-spacer\" data-id=\"1b930ce\" data-element_type=\"widget\" data-e-type=\"widget\" data-widget_type=\"spacer.default\">\n\t\t\t\t<div class=\"elementor-widget-container\">\n\t\t\t\t\t\t\t<div class=\"elementor-spacer\">\n\t\t\t<div class=\"elementor-spacer-inner\"><\/div>\n\t\t<\/div>\n\t\t\t\t\t\t<\/div>\n\t\t\t\t<\/div>\n\t\t\t\t<div class=\"elementor-element elementor-element-564f2a9 elementor-widget elementor-widget-heading\" data-id=\"564f2a9\" data-element_type=\"widget\" data-e-type=\"widget\" data-widget_type=\"heading.default\">\n\t\t\t\t<div class=\"elementor-widget-container\">\n\t\t\t\t\t<h2 class=\"elementor-heading-title elementor-size-xl\">Welcome<\/h2>\t\t\t\t<\/div>\n\t\t\t\t<\/div>\n\t\t\t\t<div class=\"elementor-element elementor-element-dc37922 elementor-widget elementor-widget-heading\" data-id=\"dc37922\" data-element_type=\"widget\" data-e-type=\"widget\" data-widget_type=\"heading.default\">\n\t\t\t\t<div class=\"elementor-widget-container\">\n\t\t\t\t\t<h2 class=\"elementor-heading-title elementor-size-default\">to the Hotel J\u00e4gerhaus<\/h2>\t\t\t\t<\/div>\n\t\t\t\t<\/div>\n\t\t\t\t<div class=\"elementor-element elementor-element-0bfddae elementor-widget-divider--view-line elementor-widget elementor-widget-divider\" data-id=\"0bfddae\" data-element_type=\"widget\" data-e-type=\"widget\" data-widget_type=\"divider.default\">\n\t\t\t\t<div class=\"elementor-widget-container\">\n\t\t\t\t\t\t\t<div class=\"elementor-divider\">\n\t\t\t<span class=\"elementor-divider-separator\">\n\t\t\t\t\t\t<\/span>\n\t\t<\/div>\n\t\t\t\t\t\t<\/div>\n\t\t\t\t<\/div>\n\t\t\t\t<div class=\"elementor-element elementor-element-fb9924d elementor-widget elementor-widget-image-carousel\" data-id=\"fb9924d\" data-element_type=\"widget\" data-e-type=\"widget\" data-settings=\"{&quot;slides_to_show&quot;:&quot;1&quot;,&quot;navigation&quot;:&quot;none&quot;,&quot;autoplay&quot;:&quot;yes&quot;,&quot;pause_on_hover&quot;:&quot;yes&quot;,&quot;pause_on_interaction&quot;:&quot;yes&quot;,&quot;autoplay_speed&quot;:5000,&quot;infinite&quot;:&quot;yes&quot;,&quot;effect&quot;:&quot;slide&quot;,&quot;speed&quot;:500}\" data-widget_type=\"image-carousel.default\">\n\t\t\t\t<div class=\"elementor-widget-container\">\n\t\t\t\t\t\t\t<div class=\"elementor-image-carousel-wrapper swiper\" role=\"region\" aria-roledescription=\"carousel\" aria-label=\"Bild Karussell\" dir=\"ltr\">\n\t\t\t<div class=\"elementor-image-carousel swiper-wrapper\" aria-live=\"off\">\n\t\t\t\t\t\t\t\t<div class=\"swiper-slide\" role=\"group\" aria-roledescription=\"slide\" aria-label=\"1 von 4\"><figure class=\"swiper-slide-inner\"><img decoding=\"async\" class=\"swiper-slide-image\" src=\"https:\/\/jaegerhaus-singen.de\/wp-content\/uploads\/2022\/10\/csm_jaegerhaus-aussen_1028e3542f-1024x484.png\" alt=\"csm_jaegerhaus-aussen_1028e3542f\" \/><\/figure><\/div><div class=\"swiper-slide\" role=\"group\" aria-roledescription=\"slide\" aria-label=\"2 von 4\"><figure class=\"swiper-slide-inner\"><img decoding=\"async\" class=\"swiper-slide-image\" src=\"https:\/\/jaegerhaus-singen.de\/wp-content\/uploads\/2022\/10\/csm_jaegerhaus-blumen_c19bcc3b1e-1024x484.png\" alt=\"csm_jaegerhaus-blumen_c19bcc3b1e\" \/><\/figure><\/div><div class=\"swiper-slide\" role=\"group\" aria-roledescription=\"slide\" aria-label=\"3 von 4\"><figure class=\"swiper-slide-inner\"><img decoding=\"async\" class=\"swiper-slide-image\" src=\"https:\/\/jaegerhaus-singen.de\/wp-content\/uploads\/2022\/10\/csm_jaegerhaus-kissen_fc3be1b885-1024x484.png\" alt=\"csm_jaegerhaus-kissen_fc3be1b885\" \/><\/figure><\/div><div class=\"swiper-slide\" role=\"group\" aria-roledescription=\"slide\" aria-label=\"4 von 4\"><figure class=\"swiper-slide-inner\"><img decoding=\"async\" class=\"swiper-slide-image\" src=\"https:\/\/jaegerhaus-singen.de\/wp-content\/uploads\/2022\/10\/csm_jaegerhaus-logo_69b82f9181-1024x484.png\" alt=\"csm_jaegerhaus-logo_69b82f9181\" \/><\/figure><\/div>\t\t\t<\/div>\n\t\t\t\t\t\t\t\n\t\t\t\t\t\t\t\t\t<\/div>\n\t\t\t\t\t\t<\/div>\n\t\t\t\t<\/div>\n\t\t\t\t\t<\/div>\n\t\t<\/div>\n\t\t\t\t\t<\/div>\n\t\t<\/section>\n\t\t\t\t<section class=\"elementor-section elementor-top-section elementor-element elementor-element-b0ca8f8 elementor-section-boxed elementor-section-height-default elementor-section-height-default\" data-id=\"b0ca8f8\" data-element_type=\"section\" data-e-type=\"section\">\n\t\t\t\t\t\t<div class=\"elementor-container elementor-column-gap-default\">\n\t\t\t\t\t<div class=\"elementor-column elementor-col-100 elementor-top-column elementor-element elementor-element-3bb69d6\" data-id=\"3bb69d6\" data-element_type=\"column\" data-e-type=\"column\">\n\t\t\t<div class=\"elementor-widget-wrap elementor-element-populated\">\n\t\t\t\t\t\t<div class=\"elementor-element elementor-element-b5d1704 elementor-widget elementor-widget-html\" data-id=\"b5d1704\" data-element_type=\"widget\" data-e-type=\"widget\" data-widget_type=\"html.default\">\n\t\t\t\t<div class=\"elementor-widget-container\">\n\t\t\t\t\t<div>\n    \n<script src=\"https:\/\/js-sdk.dirs21.de\/130a2915-3408-4d60-881f-5e435c741944\" async><\/script>\n\n<!-- Container for QuickBook -->\n<div id=\"d21-quickbook\"><\/div>\n\t\n<\/div>\t\t\t\t<\/div>\n\t\t\t\t<\/div>\n\t\t\t\t\t<\/div>\n\t\t<\/div>\n\t\t\t\t\t<\/div>\n\t\t<\/section>\n\t\t\t\t<section class=\"elementor-section elementor-top-section elementor-element elementor-element-a885f30 elementor-section-boxed elementor-section-height-default elementor-section-height-default\" data-id=\"a885f30\" data-element_type=\"section\" data-e-type=\"section\">\n\t\t\t\t\t\t<div class=\"elementor-container elementor-column-gap-default\">\n\t\t\t\t\t<div class=\"elementor-column elementor-col-33 elementor-top-column elementor-element elementor-element-5b0cd1a\" data-id=\"5b0cd1a\" data-element_type=\"column\" data-e-type=\"column\">\n\t\t\t<div class=\"elementor-widget-wrap\">\n\t\t\t\t\t\t\t<\/div>\n\t\t<\/div>\n\t\t\t\t<div class=\"elementor-column elementor-col-33 elementor-top-column elementor-element elementor-element-986ff35\" data-id=\"986ff35\" data-element_type=\"column\" data-e-type=\"column\">\n\t\t\t<div class=\"elementor-widget-wrap elementor-element-populated\">\n\t\t\t\t\t\t<div class=\"elementor-element elementor-element-8adfad4 elementor-widget elementor-widget-text-editor\" data-id=\"8adfad4\" data-element_type=\"widget\" data-e-type=\"widget\" data-widget_type=\"text-editor.default\">\n\t\t\t\t<div class=\"elementor-widget-container\">\n\t\t\t\t\t\t\t\t\t<p data-start=\"81\" data-end=\"512\">Das Hotel J\u00e4gerhaus ist seit 1927 ein fester Bestandteil der Stadtgeschichte von Singen. Mit einer langen Tradition bietet es gepflegte Gastlichkeit und komfortable, liebevoll eingerichtete Zimmer, die sowohl f\u00fcr Gesch\u00e4ftsreisende als auch f\u00fcr Urlauber einen angenehmen Aufenthalt versprechen. Die gem\u00fctliche Atmosph\u00e4re und der exzellente Service werden Ihnen gefallen und Ihren Aufenthalt zu einem unvergesslichen Erlebnis machen.<\/p><p data-start=\"514\" data-end=\"882\">Singen liegt im romantischen Hegau, am Fu\u00dfe des markanten Hausbergs Hohentwiel. Die Stadt ist nur etwa 10 Fahrminuten vom Bodensee entfernt und bietet eine ideale Ausgangslage f\u00fcr Ausfl\u00fcge in die Umgebung. Besonders die N\u00e4he zur Schweiz zieht viele Besucher an, die sowohl die landschaftliche Sch\u00f6nheit als auch die kulturellen Highlights der Region genie\u00dfen m\u00f6chten.<\/p><p data-start=\"884\" data-end=\"1275\">Das Hotel J\u00e4gerhaus ist somit nicht nur ein perfekter Ort zum \u00dcbernachten, sondern auch ein idealer Ausgangspunkt f\u00fcr Erkundungstouren durch die Umgebung, sei es zu Fu\u00df, mit dem Fahrrad oder mit dem Auto. Genie\u00dfen Sie die N\u00e4he zur Natur und die vielf\u00e4ltigen Freizeitm\u00f6glichkeiten, die Singen und seine Umgebung zu bieten haben. Wir freuen uns darauf, Sie in unserem Hotel begr\u00fc\u00dfen zu d\u00fcrfen!<\/p><p class=\"bodytext\"><b>With a huge dining room the J\u00e4gerhaus also offers the perfect space for regular club, official and private meetings as well as for other official or social events. <\/b><a href=\"https:\/\/jaegerhaus-singen.de\/en\/anfragen\/\"><b>read more \u00bb<\/b><\/a><b><\/b><\/p>\t\t\t\t\t\t\t\t<\/div>\n\t\t\t\t<\/div>\n\t\t\t\t\t<\/div>\n\t\t<\/div>\n\t\t\t\t<div class=\"elementor-column elementor-col-33 elementor-top-column elementor-element elementor-element-9f53a4b\" data-id=\"9f53a4b\" data-element_type=\"column\" data-e-type=\"column\">\n\t\t\t<div class=\"elementor-widget-wrap\">\n\t\t\t\t\t\t\t<\/div>\n\t\t<\/div>\n\t\t\t\t\t<\/div>\n\t\t<\/section>\n\t\t\t\t<section class=\"elementor-section elementor-top-section elementor-element elementor-element-813b654 elementor-section-boxed elementor-section-height-default elementor-section-height-default\" data-id=\"813b654\" data-element_type=\"section\" data-e-type=\"section\">\n\t\t\t\t\t\t<div class=\"elementor-container elementor-column-gap-default\">\n\t\t\t\t\t<div class=\"elementor-column elementor-col-100 elementor-top-column elementor-element elementor-element-bc8ed3a\" data-id=\"bc8ed3a\" data-element_type=\"column\" data-e-type=\"column\">\n\t\t\t<div class=\"elementor-widget-wrap elementor-element-populated\">\n\t\t\t\t\t\t<div class=\"elementor-element elementor-element-a694574 elementor-widget elementor-widget-spacer\" data-id=\"a694574\" data-element_type=\"widget\" data-e-type=\"widget\" data-widget_type=\"spacer.default\">\n\t\t\t\t<div class=\"elementor-widget-container\">\n\t\t\t\t\t\t\t<div class=\"elementor-spacer\">\n\t\t\t<div class=\"elementor-spacer-inner\"><\/div>\n\t\t<\/div>\n\t\t\t\t\t\t<\/div>\n\t\t\t\t<\/div>\n\t\t\t\t\t<\/div>\n\t\t<\/div>\n\t\t\t\t\t<\/div>\n\t\t<\/section>\n\t\t\t\t<\/div>","protected":false},"excerpt":{"rendered":"<p>Herzlich Willkommen im Hotel J\u00e4gerhaus Das Hotel J\u00e4gerhaus ist seit 1927 ein fester Bestandteil der Stadtgeschichte von Singen. Mit einer langen Tradition bietet es gepflegte Gastlichkeit und komfortable, liebevoll eingerichtete Zimmer, die sowohl f\u00fcr Gesch\u00e4ftsreisende als auch f\u00fcr Urlauber einen angenehmen Aufenthalt versprechen. Die gem\u00fctliche Atmosph\u00e4re und der exzellente Service werden Ihnen gefallen und Ihren [&hellip;]<\/p>\n","protected":false},"author":1,"featured_media":0,"parent":0,"menu_order":0,"comment_status":"closed","ping_status":"closed","template":"elementor_header_footer","meta":{"footnotes":""},"class_list":["post-25","page","type-page","status-publish","hentry","post-preview"],"yoast_head":"<!-- This site is optimized with the Yoast SEO plugin v27.3 - https:\/\/yoast.com\/product\/yoast-seo-wordpress\/ -->\n<title>Willkommen - Hotel J\u00e4gerhaus<\/title>\n<meta name=\"robots\" content=\"index, follow, max-snippet:-1, max-image-preview:large, max-video-preview:-1\" \/>\n<link rel=\"canonical\" href=\"https:\/\/jaegerhaus-singen.de\/en\/\" \/>\n<meta property=\"og:locale\" content=\"en_US\" \/>\n<meta property=\"og:type\" content=\"article\" \/>\n<meta property=\"og:title\" content=\"Willkommen - Hotel J\u00e4gerhaus\" \/>\n<meta property=\"og:description\" content=\"Herzlich Willkommen im Hotel J\u00e4gerhaus Das Hotel J\u00e4gerhaus ist seit 1927 ein fester Bestandteil der Stadtgeschichte von Singen. Mit einer langen Tradition bietet es gepflegte Gastlichkeit und komfortable, liebevoll eingerichtete Zimmer, die sowohl f\u00fcr Gesch\u00e4ftsreisende als auch f\u00fcr Urlauber einen angenehmen Aufenthalt versprechen. Die gem\u00fctliche Atmosph\u00e4re und der exzellente Service werden Ihnen gefallen und Ihren [&hellip;]\" \/>\n<meta property=\"og:url\" content=\"https:\/\/jaegerhaus-singen.de\/en\/\" \/>\n<meta property=\"og:site_name\" content=\"Hotel J\u00e4gerhaus\" \/>\n<meta property=\"article:modified_time\" content=\"2025-07-22T12:03:00+00:00\" \/>\n<meta property=\"og:image\" content=\"https:\/\/jaegerhaus-singen.de\/wp-content\/uploads\/2022\/10\/csm_jaegerhaus-aussen_1028e3542f-1024x484.png\" \/>\n<meta name=\"twitter:card\" content=\"summary_large_image\" \/>\n<meta name=\"twitter:label1\" content=\"Est. reading time\" \/>\n\t<meta name=\"twitter:data1\" content=\"2 minutes\" \/>\n<script type=\"application\/ld+json\" class=\"yoast-schema-graph\">{\"@context\":\"https:\\\/\\\/schema.org\",\"@graph\":[{\"@type\":\"WebPage\",\"@id\":\"https:\\\/\\\/jaegerhaus-singen.de\\\/\",\"url\":\"https:\\\/\\\/jaegerhaus-singen.de\\\/\",\"name\":\"Willkommen - Hotel J\u00e4gerhaus\",\"isPartOf\":{\"@id\":\"https:\\\/\\\/jaegerhaus-singen.de\\\/#website\"},\"primaryImageOfPage\":{\"@id\":\"https:\\\/\\\/jaegerhaus-singen.de\\\/#primaryimage\"},\"image\":{\"@id\":\"https:\\\/\\\/jaegerhaus-singen.de\\\/#primaryimage\"},\"thumbnailUrl\":\"https:\\\/\\\/jaegerhaus-singen.de\\\/wp-content\\\/uploads\\\/2022\\\/10\\\/csm_jaegerhaus-aussen_1028e3542f-1024x484.png\",\"datePublished\":\"2022-10-13T08:46:46+00:00\",\"dateModified\":\"2025-07-22T12:03:00+00:00\",\"breadcrumb\":{\"@id\":\"https:\\\/\\\/jaegerhaus-singen.de\\\/#breadcrumb\"},\"inLanguage\":\"en-US\",\"potentialAction\":[{\"@type\":\"ReadAction\",\"target\":[\"https:\\\/\\\/jaegerhaus-singen.de\\\/\"]}]},{\"@type\":\"ImageObject\",\"inLanguage\":\"en-US\",\"@id\":\"https:\\\/\\\/jaegerhaus-singen.de\\\/#primaryimage\",\"url\":\"https:\\\/\\\/jaegerhaus-singen.de\\\/wp-content\\\/uploads\\\/2022\\\/10\\\/csm_jaegerhaus-aussen_1028e3542f-1024x484.png\",\"contentUrl\":\"https:\\\/\\\/jaegerhaus-singen.de\\\/wp-content\\\/uploads\\\/2022\\\/10\\\/csm_jaegerhaus-aussen_1028e3542f-1024x484.png\"},{\"@type\":\"BreadcrumbList\",\"@id\":\"https:\\\/\\\/jaegerhaus-singen.de\\\/#breadcrumb\",\"itemListElement\":[{\"@type\":\"ListItem\",\"position\":1,\"name\":\"Startseite\",\"item\":\"https:\\\/\\\/jaegerhaus-singen.de\\\/\"},{\"@type\":\"ListItem\",\"position\":2,\"name\":\"Willkommen\"}]},{\"@type\":\"WebSite\",\"@id\":\"https:\\\/\\\/jaegerhaus-singen.de\\\/#website\",\"url\":\"https:\\\/\\\/jaegerhaus-singen.de\\\/\",\"name\":\"Hotel J\u00e4gerhaus\",\"description\":\"\",\"publisher\":{\"@id\":\"https:\\\/\\\/jaegerhaus-singen.de\\\/#organization\"},\"potentialAction\":[{\"@type\":\"SearchAction\",\"target\":{\"@type\":\"EntryPoint\",\"urlTemplate\":\"https:\\\/\\\/jaegerhaus-singen.de\\\/?s={search_term_string}\"},\"query-input\":{\"@type\":\"PropertyValueSpecification\",\"valueRequired\":true,\"valueName\":\"search_term_string\"}}],\"inLanguage\":\"en-US\"},{\"@type\":\"Organization\",\"@id\":\"https:\\\/\\\/jaegerhaus-singen.de\\\/#organization\",\"name\":\"Hotel J\u00e4gerhaus\",\"url\":\"https:\\\/\\\/jaegerhaus-singen.de\\\/\",\"logo\":{\"@type\":\"ImageObject\",\"inLanguage\":\"en-US\",\"@id\":\"https:\\\/\\\/jaegerhaus-singen.de\\\/#\\\/schema\\\/logo\\\/image\\\/\",\"url\":\"https:\\\/\\\/jaegerhaus-singen.de\\\/wp-content\\\/uploads\\\/2022\\\/10\\\/2018_Logo-Jaegerhaus.jpg\",\"contentUrl\":\"https:\\\/\\\/jaegerhaus-singen.de\\\/wp-content\\\/uploads\\\/2022\\\/10\\\/2018_Logo-Jaegerhaus.jpg\",\"width\":226,\"height\":263,\"caption\":\"Hotel J\u00e4gerhaus\"},\"image\":{\"@id\":\"https:\\\/\\\/jaegerhaus-singen.de\\\/#\\\/schema\\\/logo\\\/image\\\/\"}}]}<\/script>\n<!-- \/ Yoast SEO plugin. -->","yoast_head_json":{"title":"Willkommen - Hotel J\u00e4gerhaus","robots":{"index":"index","follow":"follow","max-snippet":"max-snippet:-1","max-image-preview":"max-image-preview:large","max-video-preview":"max-video-preview:-1"},"canonical":"https:\/\/jaegerhaus-singen.de\/en\/","og_locale":"en_US","og_type":"article","og_title":"Willkommen - Hotel J\u00e4gerhaus","og_description":"Herzlich Willkommen im Hotel J\u00e4gerhaus Das Hotel J\u00e4gerhaus ist seit 1927 ein fester Bestandteil der Stadtgeschichte von Singen. Mit einer langen Tradition bietet es gepflegte Gastlichkeit und komfortable, liebevoll eingerichtete Zimmer, die sowohl f\u00fcr Gesch\u00e4ftsreisende als auch f\u00fcr Urlauber einen angenehmen Aufenthalt versprechen. Die gem\u00fctliche Atmosph\u00e4re und der exzellente Service werden Ihnen gefallen und Ihren [&hellip;]","og_url":"https:\/\/jaegerhaus-singen.de\/en\/","og_site_name":"Hotel J\u00e4gerhaus","article_modified_time":"2025-07-22T12:03:00+00:00","og_image":[{"url":"https:\/\/jaegerhaus-singen.de\/wp-content\/uploads\/2022\/10\/csm_jaegerhaus-aussen_1028e3542f-1024x484.png","type":"","width":"","height":""}],"twitter_card":"summary_large_image","twitter_misc":{"Est. reading time":"2 minutes"},"schema":{"@context":"https:\/\/schema.org","@graph":[{"@type":"WebPage","@id":"https:\/\/jaegerhaus-singen.de\/","url":"https:\/\/jaegerhaus-singen.de\/","name":"Willkommen - Hotel J\u00e4gerhaus","isPartOf":{"@id":"https:\/\/jaegerhaus-singen.de\/#website"},"primaryImageOfPage":{"@id":"https:\/\/jaegerhaus-singen.de\/#primaryimage"},"image":{"@id":"https:\/\/jaegerhaus-singen.de\/#primaryimage"},"thumbnailUrl":"https:\/\/jaegerhaus-singen.de\/wp-content\/uploads\/2022\/10\/csm_jaegerhaus-aussen_1028e3542f-1024x484.png","datePublished":"2022-10-13T08:46:46+00:00","dateModified":"2025-07-22T12:03:00+00:00","breadcrumb":{"@id":"https:\/\/jaegerhaus-singen.de\/#breadcrumb"},"inLanguage":"en-US","potentialAction":[{"@type":"ReadAction","target":["https:\/\/jaegerhaus-singen.de\/"]}]},{"@type":"ImageObject","inLanguage":"en-US","@id":"https:\/\/jaegerhaus-singen.de\/#primaryimage","url":"https:\/\/jaegerhaus-singen.de\/wp-content\/uploads\/2022\/10\/csm_jaegerhaus-aussen_1028e3542f-1024x484.png","contentUrl":"https:\/\/jaegerhaus-singen.de\/wp-content\/uploads\/2022\/10\/csm_jaegerhaus-aussen_1028e3542f-1024x484.png"},{"@type":"BreadcrumbList","@id":"https:\/\/jaegerhaus-singen.de\/#breadcrumb","itemListElement":[{"@type":"ListItem","position":1,"name":"Startseite","item":"https:\/\/jaegerhaus-singen.de\/"},{"@type":"ListItem","position":2,"name":"Willkommen"}]},{"@type":"WebSite","@id":"https:\/\/jaegerhaus-singen.de\/#website","url":"https:\/\/jaegerhaus-singen.de\/","name":"Hotel J\u00e4gerhaus","description":"","publisher":{"@id":"https:\/\/jaegerhaus-singen.de\/#organization"},"potentialAction":[{"@type":"SearchAction","target":{"@type":"EntryPoint","urlTemplate":"https:\/\/jaegerhaus-singen.de\/?s={search_term_string}"},"query-input":{"@type":"PropertyValueSpecification","valueRequired":true,"valueName":"search_term_string"}}],"inLanguage":"en-US"},{"@type":"Organization","@id":"https:\/\/jaegerhaus-singen.de\/#organization","name":"Hotel J\u00e4gerhaus","url":"https:\/\/jaegerhaus-singen.de\/","logo":{"@type":"ImageObject","inLanguage":"en-US","@id":"https:\/\/jaegerhaus-singen.de\/#\/schema\/logo\/image\/","url":"https:\/\/jaegerhaus-singen.de\/wp-content\/uploads\/2022\/10\/2018_Logo-Jaegerhaus.jpg","contentUrl":"https:\/\/jaegerhaus-singen.de\/wp-content\/uploads\/2022\/10\/2018_Logo-Jaegerhaus.jpg","width":226,"height":263,"caption":"Hotel J\u00e4gerhaus"},"image":{"@id":"https:\/\/jaegerhaus-singen.de\/#\/schema\/logo\/image\/"}}]}},"_links":{"self":[{"href":"https:\/\/jaegerhaus-singen.de\/en\/wp-json\/wp\/v2\/pages\/25","targetHints":{"allow":["GET"]}}],"collection":[{"href":"https:\/\/jaegerhaus-singen.de\/en\/wp-json\/wp\/v2\/pages"}],"about":[{"href":"https:\/\/jaegerhaus-singen.de\/en\/wp-json\/wp\/v2\/types\/page"}],"author":[{"embeddable":true,"href":"https:\/\/jaegerhaus-singen.de\/en\/wp-json\/wp\/v2\/users\/1"}],"replies":[{"embeddable":true,"href":"https:\/\/jaegerhaus-singen.de\/en\/wp-json\/wp\/v2\/comments?post=25"}],"version-history":[{"count":151,"href":"https:\/\/jaegerhaus-singen.de\/en\/wp-json\/wp\/v2\/pages\/25\/revisions"}],"predecessor-version":[{"id":976,"href":"https:\/\/jaegerhaus-singen.de\/en\/wp-json\/wp\/v2\/pages\/25\/revisions\/976"}],"wp:attachment":[{"href":"https:\/\/jaegerhaus-singen.de\/en\/wp-json\/wp\/v2\/media?parent=25"}],"curies":[{"name":"wp","href":"https:\/\/api.w.org\/{rel}","templated":true}]}}