{"id":346,"date":"2022-10-17T12:21:40","date_gmt":"2022-10-17T12:21:40","guid":{"rendered":"http:\/\/jaegerhaus-singen.com\/?page_id=346"},"modified":"2025-07-22T11:54:37","modified_gmt":"2025-07-22T11:54:37","slug":"anfahrt","status":"publish","type":"page","link":"http:\/\/jaegerhaus-singen.de\/en\/anfahrt\/","title":{"rendered":"Location"},"content":{"rendered":"<div data-elementor-type=\"wp-page\" data-elementor-id=\"346\" class=\"elementor elementor-346\">\n\t\t\t\t\t\t<section class=\"elementor-section elementor-top-section elementor-element elementor-element-e58c967 elementor-section-boxed elementor-section-height-default elementor-section-height-default\" data-id=\"e58c967\" data-element_type=\"section\" data-e-type=\"section\">\n\t\t\t\t\t\t<div class=\"elementor-container elementor-column-gap-default\">\n\t\t\t\t\t<div class=\"elementor-column elementor-col-100 elementor-top-column elementor-element elementor-element-ea258f6\" data-id=\"ea258f6\" data-element_type=\"column\" data-e-type=\"column\">\n\t\t\t<div class=\"elementor-widget-wrap elementor-element-populated\">\n\t\t\t\t\t\t<div class=\"elementor-element elementor-element-219ded0 elementor-widget elementor-widget-spacer\" data-id=\"219ded0\" data-element_type=\"widget\" data-e-type=\"widget\" data-widget_type=\"spacer.default\">\n\t\t\t\t<div class=\"elementor-widget-container\">\n\t\t\t\t\t\t\t<div class=\"elementor-spacer\">\n\t\t\t<div class=\"elementor-spacer-inner\"><\/div>\n\t\t<\/div>\n\t\t\t\t\t\t<\/div>\n\t\t\t\t<\/div>\n\t\t\t\t<div class=\"elementor-element elementor-element-530b1f3 elementor-widget elementor-widget-heading\" data-id=\"530b1f3\" data-element_type=\"widget\" data-e-type=\"widget\" data-widget_type=\"heading.default\">\n\t\t\t\t<div class=\"elementor-widget-container\">\n\t\t\t\t\t<h2 class=\"elementor-heading-title elementor-size-xl\">Location<\/h2>\t\t\t\t<\/div>\n\t\t\t\t<\/div>\n\t\t\t\t<div class=\"elementor-element elementor-element-cf575ac elementor-widget elementor-widget-heading\" data-id=\"cf575ac\" data-element_type=\"widget\" data-e-type=\"widget\" data-widget_type=\"heading.default\">\n\t\t\t\t<div class=\"elementor-widget-container\">\n\t\t\t\t\t<h2 class=\"elementor-heading-title elementor-size-large\">of the J\u00e4gerhaus in Singen<\/h2>\t\t\t\t<\/div>\n\t\t\t\t<\/div>\n\t\t\t\t<div class=\"elementor-element elementor-element-be07364 elementor-widget-divider--view-line elementor-widget elementor-widget-divider\" data-id=\"be07364\" data-element_type=\"widget\" data-e-type=\"widget\" data-widget_type=\"divider.default\">\n\t\t\t\t<div class=\"elementor-widget-container\">\n\t\t\t\t\t\t\t<div class=\"elementor-divider\">\n\t\t\t<span class=\"elementor-divider-separator\">\n\t\t\t\t\t\t<\/span>\n\t\t<\/div>\n\t\t\t\t\t\t<\/div>\n\t\t\t\t<\/div>\n\t\t\t\t<div class=\"elementor-element elementor-element-36a4b09 elementor-widget elementor-widget-text-editor\" data-id=\"36a4b09\" data-element_type=\"widget\" data-e-type=\"widget\" data-widget_type=\"text-editor.default\">\n\t\t\t\t<div class=\"elementor-widget-container\">\n\t\t\t\t\t\t\t\t\t<p>Our hotel and our restaurant is located in the centre of Singen. The distance between the main train station Singen and the J\u00e4gerhaus is about 1 km. Directly in front of the station there is a taxi rank.<\/p>\t\t\t\t\t\t\t\t<\/div>\n\t\t\t\t<\/div>\n\t\t\t\t<div class=\"elementor-element elementor-element-e988d89 elementor-widget elementor-widget-google_maps\" data-id=\"e988d89\" data-element_type=\"widget\" data-e-type=\"widget\" data-widget_type=\"google_maps.default\">\n\t\t\t\t<div class=\"elementor-widget-container\">\n\t\t\t\t\t\t\t<div class=\"elementor-custom-embed\">\n\t\t\t<iframe loading=\"lazy\"\n\t\t\t\t\tsrc=\"https:\/\/maps.google.com\/maps?q=78224%20Ekkehardstra%C3%9Fe%2084&#038;t=m&#038;z=15&#038;output=embed&#038;iwloc=near\"\n\t\t\t\t\ttitle=\"78224 Ekkehardstra\u00dfe 84\"\n\t\t\t\t\taria-label=\"78224 Ekkehardstra\u00dfe 84\"\n\t\t\t><\/iframe>\n\t\t<\/div>\n\t\t\t\t\t\t<\/div>\n\t\t\t\t<\/div>\n\t\t\t\t<div class=\"elementor-element elementor-element-e76fae5 elementor-widget elementor-widget-heading\" data-id=\"e76fae5\" data-element_type=\"widget\" data-e-type=\"widget\" data-widget_type=\"heading.default\">\n\t\t\t\t<div class=\"elementor-widget-container\">\n\t\t\t\t\t<h2 class=\"elementor-heading-title elementor-size-medium\">By car<\/h2>\t\t\t\t<\/div>\n\t\t\t\t<\/div>\n\t\t\t\t<div class=\"elementor-element elementor-element-02d85d4 elementor-widget elementor-widget-text-editor\" data-id=\"02d85d4\" data-element_type=\"widget\" data-e-type=\"widget\" data-widget_type=\"text-editor.default\">\n\t\t\t\t<div class=\"elementor-widget-container\">\n\t\t\t\t\t\t\t\t\t<p>A81 to Singen, exit Singen center, follow the road Hohenkr\u00e4henstrasse, which turns into the main road. Keep left. Turn right at the traffic light corner Ekkehardstrasse and follow the road through the city centre. Our house is located on the right side. Parking possibilities directly on the street, on surrounding streets (partly charged) or at the parking area of the local indoor swimming pool at Waldeckstra\u00dfe (free).<\/p>\t\t\t\t\t\t\t\t<\/div>\n\t\t\t\t<\/div>\n\t\t\t\t<div class=\"elementor-element elementor-element-260a2be elementor-widget elementor-widget-heading\" data-id=\"260a2be\" data-element_type=\"widget\" data-e-type=\"widget\" data-widget_type=\"heading.default\">\n\t\t\t\t<div class=\"elementor-widget-container\">\n\t\t\t\t\t<h2 class=\"elementor-heading-title elementor-size-medium\">By bus<\/h2>\t\t\t\t<\/div>\n\t\t\t\t<\/div>\n\t\t\t\t<div class=\"elementor-element elementor-element-15c7bff elementor-widget elementor-widget-text-editor\" data-id=\"15c7bff\" data-element_type=\"widget\" data-e-type=\"widget\" data-widget_type=\"text-editor.default\">\n\t\t\t\t<div class=\"elementor-widget-container\">\n\t\t\t\t\t\t\t\t\t<p class=\"bodytext\">Take <b>Line 3<\/b> (<a class=\"external-link-new-window\" title=\"Opens external link in new window\" href=\"http:\/\/www.stadtwerke-singen.de\/index.php?page=16\" target=\"_blank\" rel=\"noopener\">(PDF timetables can be found here \u00bb)<\/a>from Singen main station (Singen Hohentwiel) in direction \"Feldbergstrasse\".<\/p><p class=\"bodytext\"><b>Stop \"Kreuzensteinstrasse\"<\/b> (distance 300m):<br \/>Continue the road along the bus direction to the intersection Ekkehardstrasse, then go right.<\/p><p class=\"bodytext\"><b>Stop \"Waldeckstrasse \/ Hallenbad\"<\/b> (distance 350m):<br \/>Cross the road of the bus stop and go back towards the roundabout (ESSO petrol station). Take the pedestrian crossing over the road \"Radolfzeller Strasse\" to the right of the roundabout, then you get to the roundabout driveway \"Ekkehardstrasse\". Cross the road and walk along the Ekkehardstrasse (the J\u00e4gerhaus is located about 150m from the roundabout).<\/p>\t\t\t\t\t\t\t\t<\/div>\n\t\t\t\t<\/div>\n\t\t\t\t<div class=\"elementor-element elementor-element-87a4347 elementor-widget elementor-widget-spacer\" data-id=\"87a4347\" data-element_type=\"widget\" data-e-type=\"widget\" data-widget_type=\"spacer.default\">\n\t\t\t\t<div class=\"elementor-widget-container\">\n\t\t\t\t\t\t\t<div class=\"elementor-spacer\">\n\t\t\t<div class=\"elementor-spacer-inner\"><\/div>\n\t\t<\/div>\n\t\t\t\t\t\t<\/div>\n\t\t\t\t<\/div>\n\t\t\t\t\t<\/div>\n\t\t<\/div>\n\t\t\t\t\t<\/div>\n\t\t<\/section>\n\t\t\t\t<\/div>","protected":false},"excerpt":{"rendered":"<p>Anfahrt \/ Anreise zum J\u00e4gerhaus in Singen Unser Hotel befindet sich im Zentrum der Stadt Singen. Die Entfernung vom Hauptbahnhof Singen Hohentwiel zum J\u00e4gerhaus betr\u00e4gt etwa 1 km. Direkt vor dem Bahnhof befindet sich eine Taxisammelstelle. Mit dem Auto Autobahn A81 nach Singen, Ausfahrt Singen Zentrum, folgen Sie der Stra\u00dfe Hohenkr\u00e4henstra\u00dfe, die in die Hauptstra\u00dfe [&hellip;]<\/p>\n","protected":false},"author":1,"featured_media":0,"parent":0,"menu_order":0,"comment_status":"closed","ping_status":"closed","template":"elementor_header_footer","meta":{"footnotes":""},"class_list":["post-346","page","type-page","status-publish","hentry","post-preview"],"yoast_head":"<!-- This site is optimized with the Yoast SEO plugin v27.4 - https:\/\/yoast.com\/product\/yoast-seo-wordpress\/ -->\n<title>Anfahrt - Hotel J\u00e4gerhaus<\/title>\n<meta name=\"robots\" content=\"index, follow, max-snippet:-1, max-image-preview:large, max-video-preview:-1\" \/>\n<link rel=\"canonical\" href=\"https:\/\/jaegerhaus-singen.de\/en\/anfahrt\/\" \/>\n<meta property=\"og:locale\" content=\"en_US\" \/>\n<meta property=\"og:type\" content=\"article\" \/>\n<meta property=\"og:title\" content=\"Anfahrt - Hotel J\u00e4gerhaus\" \/>\n<meta property=\"og:description\" content=\"Anfahrt \/ Anreise zum J\u00e4gerhaus in Singen Unser Hotel befindet sich im Zentrum der Stadt Singen. Die Entfernung vom Hauptbahnhof Singen Hohentwiel zum J\u00e4gerhaus betr\u00e4gt etwa 1 km. Direkt vor dem Bahnhof befindet sich eine Taxisammelstelle. Mit dem Auto Autobahn A81 nach Singen, Ausfahrt Singen Zentrum, folgen Sie der Stra\u00dfe Hohenkr\u00e4henstra\u00dfe, die in die Hauptstra\u00dfe [&hellip;]\" \/>\n<meta property=\"og:url\" content=\"https:\/\/jaegerhaus-singen.de\/en\/anfahrt\/\" \/>\n<meta property=\"og:site_name\" content=\"Hotel J\u00e4gerhaus\" \/>\n<meta property=\"article:modified_time\" content=\"2025-07-22T11:54:37+00:00\" \/>\n<meta name=\"twitter:card\" content=\"summary_large_image\" \/>\n<meta name=\"twitter:label1\" content=\"Est. reading time\" \/>\n\t<meta name=\"twitter:data1\" content=\"2 minutes\" \/>\n<script type=\"application\/ld+json\" class=\"yoast-schema-graph\">{\"@context\":\"https:\\\/\\\/schema.org\",\"@graph\":[{\"@type\":\"WebPage\",\"@id\":\"https:\\\/\\\/jaegerhaus-singen.de\\\/anfahrt\\\/\",\"url\":\"https:\\\/\\\/jaegerhaus-singen.de\\\/anfahrt\\\/\",\"name\":\"Anfahrt - Hotel J\u00e4gerhaus\",\"isPartOf\":{\"@id\":\"https:\\\/\\\/jaegerhaus-singen.de\\\/#website\"},\"datePublished\":\"2022-10-17T12:21:40+00:00\",\"dateModified\":\"2025-07-22T11:54:37+00:00\",\"breadcrumb\":{\"@id\":\"https:\\\/\\\/jaegerhaus-singen.de\\\/anfahrt\\\/#breadcrumb\"},\"inLanguage\":\"en-US\",\"potentialAction\":[{\"@type\":\"ReadAction\",\"target\":[\"https:\\\/\\\/jaegerhaus-singen.de\\\/anfahrt\\\/\"]}]},{\"@type\":\"BreadcrumbList\",\"@id\":\"https:\\\/\\\/jaegerhaus-singen.de\\\/anfahrt\\\/#breadcrumb\",\"itemListElement\":[{\"@type\":\"ListItem\",\"position\":1,\"name\":\"Startseite\",\"item\":\"https:\\\/\\\/jaegerhaus-singen.de\\\/\"},{\"@type\":\"ListItem\",\"position\":2,\"name\":\"Anfahrt\"}]},{\"@type\":\"WebSite\",\"@id\":\"https:\\\/\\\/jaegerhaus-singen.de\\\/#website\",\"url\":\"https:\\\/\\\/jaegerhaus-singen.de\\\/\",\"name\":\"Hotel J\u00e4gerhaus\",\"description\":\"\",\"publisher\":{\"@id\":\"https:\\\/\\\/jaegerhaus-singen.de\\\/#organization\"},\"potentialAction\":[{\"@type\":\"SearchAction\",\"target\":{\"@type\":\"EntryPoint\",\"urlTemplate\":\"https:\\\/\\\/jaegerhaus-singen.de\\\/?s={search_term_string}\"},\"query-input\":{\"@type\":\"PropertyValueSpecification\",\"valueRequired\":true,\"valueName\":\"search_term_string\"}}],\"inLanguage\":\"en-US\"},{\"@type\":\"Organization\",\"@id\":\"https:\\\/\\\/jaegerhaus-singen.de\\\/#organization\",\"name\":\"Hotel J\u00e4gerhaus\",\"url\":\"https:\\\/\\\/jaegerhaus-singen.de\\\/\",\"logo\":{\"@type\":\"ImageObject\",\"inLanguage\":\"en-US\",\"@id\":\"https:\\\/\\\/jaegerhaus-singen.de\\\/#\\\/schema\\\/logo\\\/image\\\/\",\"url\":\"https:\\\/\\\/jaegerhaus-singen.de\\\/wp-content\\\/uploads\\\/2022\\\/10\\\/2018_Logo-Jaegerhaus.jpg\",\"contentUrl\":\"https:\\\/\\\/jaegerhaus-singen.de\\\/wp-content\\\/uploads\\\/2022\\\/10\\\/2018_Logo-Jaegerhaus.jpg\",\"width\":226,\"height\":263,\"caption\":\"Hotel J\u00e4gerhaus\"},\"image\":{\"@id\":\"https:\\\/\\\/jaegerhaus-singen.de\\\/#\\\/schema\\\/logo\\\/image\\\/\"}}]}<\/script>\n<!-- \/ Yoast SEO plugin. -->","yoast_head_json":{"title":"Anfahrt - Hotel J\u00e4gerhaus","robots":{"index":"index","follow":"follow","max-snippet":"max-snippet:-1","max-image-preview":"max-image-preview:large","max-video-preview":"max-video-preview:-1"},"canonical":"https:\/\/jaegerhaus-singen.de\/en\/anfahrt\/","og_locale":"en_US","og_type":"article","og_title":"Anfahrt - Hotel J\u00e4gerhaus","og_description":"Anfahrt \/ Anreise zum J\u00e4gerhaus in Singen Unser Hotel befindet sich im Zentrum der Stadt Singen. Die Entfernung vom Hauptbahnhof Singen Hohentwiel zum J\u00e4gerhaus betr\u00e4gt etwa 1 km. Direkt vor dem Bahnhof befindet sich eine Taxisammelstelle. Mit dem Auto Autobahn A81 nach Singen, Ausfahrt Singen Zentrum, folgen Sie der Stra\u00dfe Hohenkr\u00e4henstra\u00dfe, die in die Hauptstra\u00dfe [&hellip;]","og_url":"https:\/\/jaegerhaus-singen.de\/en\/anfahrt\/","og_site_name":"Hotel J\u00e4gerhaus","article_modified_time":"2025-07-22T11:54:37+00:00","twitter_card":"summary_large_image","twitter_misc":{"Est. reading time":"2 minutes"},"schema":{"@context":"https:\/\/schema.org","@graph":[{"@type":"WebPage","@id":"https:\/\/jaegerhaus-singen.de\/anfahrt\/","url":"https:\/\/jaegerhaus-singen.de\/anfahrt\/","name":"Anfahrt - Hotel J\u00e4gerhaus","isPartOf":{"@id":"https:\/\/jaegerhaus-singen.de\/#website"},"datePublished":"2022-10-17T12:21:40+00:00","dateModified":"2025-07-22T11:54:37+00:00","breadcrumb":{"@id":"https:\/\/jaegerhaus-singen.de\/anfahrt\/#breadcrumb"},"inLanguage":"en-US","potentialAction":[{"@type":"ReadAction","target":["https:\/\/jaegerhaus-singen.de\/anfahrt\/"]}]},{"@type":"BreadcrumbList","@id":"https:\/\/jaegerhaus-singen.de\/anfahrt\/#breadcrumb","itemListElement":[{"@type":"ListItem","position":1,"name":"Startseite","item":"https:\/\/jaegerhaus-singen.de\/"},{"@type":"ListItem","position":2,"name":"Anfahrt"}]},{"@type":"WebSite","@id":"https:\/\/jaegerhaus-singen.de\/#website","url":"https:\/\/jaegerhaus-singen.de\/","name":"Hotel J\u00e4gerhaus","description":"","publisher":{"@id":"https:\/\/jaegerhaus-singen.de\/#organization"},"potentialAction":[{"@type":"SearchAction","target":{"@type":"EntryPoint","urlTemplate":"https:\/\/jaegerhaus-singen.de\/?s={search_term_string}"},"query-input":{"@type":"PropertyValueSpecification","valueRequired":true,"valueName":"search_term_string"}}],"inLanguage":"en-US"},{"@type":"Organization","@id":"https:\/\/jaegerhaus-singen.de\/#organization","name":"Hotel J\u00e4gerhaus","url":"https:\/\/jaegerhaus-singen.de\/","logo":{"@type":"ImageObject","inLanguage":"en-US","@id":"https:\/\/jaegerhaus-singen.de\/#\/schema\/logo\/image\/","url":"https:\/\/jaegerhaus-singen.de\/wp-content\/uploads\/2022\/10\/2018_Logo-Jaegerhaus.jpg","contentUrl":"https:\/\/jaegerhaus-singen.de\/wp-content\/uploads\/2022\/10\/2018_Logo-Jaegerhaus.jpg","width":226,"height":263,"caption":"Hotel J\u00e4gerhaus"},"image":{"@id":"https:\/\/jaegerhaus-singen.de\/#\/schema\/logo\/image\/"}}]}},"_links":{"self":[{"href":"http:\/\/jaegerhaus-singen.de\/en\/wp-json\/wp\/v2\/pages\/346","targetHints":{"allow":["GET"]}}],"collection":[{"href":"http:\/\/jaegerhaus-singen.de\/en\/wp-json\/wp\/v2\/pages"}],"about":[{"href":"http:\/\/jaegerhaus-singen.de\/en\/wp-json\/wp\/v2\/types\/page"}],"author":[{"embeddable":true,"href":"http:\/\/jaegerhaus-singen.de\/en\/wp-json\/wp\/v2\/users\/1"}],"replies":[{"embeddable":true,"href":"http:\/\/jaegerhaus-singen.de\/en\/wp-json\/wp\/v2\/comments?post=346"}],"version-history":[{"count":49,"href":"http:\/\/jaegerhaus-singen.de\/en\/wp-json\/wp\/v2\/pages\/346\/revisions"}],"predecessor-version":[{"id":924,"href":"http:\/\/jaegerhaus-singen.de\/en\/wp-json\/wp\/v2\/pages\/346\/revisions\/924"}],"wp:attachment":[{"href":"http:\/\/jaegerhaus-singen.de\/en\/wp-json\/wp\/v2\/media?parent=346"}],"curies":[{"name":"wp","href":"https:\/\/api.w.org\/{rel}","templated":true}]}}